{"id":2,"date":"2021-11-03T14:49:50","date_gmt":"2021-11-03T14:49:50","guid":{"rendered":"https:\/\/mills.no\/stryhns\/?page_id=2"},"modified":"2024-02-07T09:16:46","modified_gmt":"2024-02-07T08:16:46","slug":"side-ikke-funnet","status":"publish","type":"page","link":"https:\/\/mills.no\/stryhns\/side-ikke-funnet\/","title":{"rendered":"Side ikke funnet"},"content":{"rendered":"<div class=\"mills-block-featured alignwide alignwide wp-block-mills-block-featured\"><img loading=\"lazy\" decoding=\"async\" width=\"1920\" height=\"1080\" style=\"width:100%;height:100%;object-fit:cover\" src=\"https:\/\/mills.no\/content\/uploads\/sites\/9\/2022\/02\/404-side-rod.png\" class=\"wp-block-cover__image-background\" alt=\"tallene med triste \u00f8yne og plaster\" srcset=\"https:\/\/mills.no\/content\/uploads\/sites\/9\/2022\/02\/404-side-rod.png 1920w, https:\/\/mills.no\/content\/uploads\/sites\/9\/2022\/02\/404-side-rod-300x169.png 300w, https:\/\/mills.no\/content\/uploads\/sites\/9\/2022\/02\/404-side-rod-1024x576.png 1024w, https:\/\/mills.no\/content\/uploads\/sites\/9\/2022\/02\/404-side-rod-768x432.png 768w, https:\/\/mills.no\/content\/uploads\/sites\/9\/2022\/02\/404-side-rod-1536x864.png 1536w, https:\/\/mills.no\/content\/uploads\/sites\/9\/2022\/02\/404-side-rod-80x45.png 80w\" sizes=\"auto, (max-width: 1920px) 100vw, 1920px\" \/><div class=\"wp-block-cover__inner-container\">\n<h1 class=\"has-text-align-center wp-block-post-title has-text-color has-neutral-1000-color\">Side ikke funnet<\/h1>\n\n<p class=\"t2-ingress has-text-align-center align wp-block-t2-ingress\"> <strong>Oisann!<\/strong> Siden finnes ikke. <\/p>\n\n\n<p><strong><a href=\"https:\/\/mills.no\/stryhns\/\">Trykk her for \u00e5 g\u00e5 tilbake til forsiden<\/a><\/strong> eller pr\u00f8v \u00e5 s\u00f8ke etter det du lette etter.<\/p>\n\n\n<form role=\"search\" method=\"get\" action=\"https:\/\/mills.no\/stryhns\/\" class=\"wp-block-search__button-outside wp-block-search__text-button wp-block-search\"    ><label class=\"wp-block-search__label screen-reader-text\" for=\"wp-block-search__input-1\" >S\u00f8k<\/label><div class=\"wp-block-search__inside-wrapper \" ><input class=\"wp-block-search__input\" id=\"wp-block-search__input-1\" placeholder=\"S\u00f8k etter\" value=\"\" type=\"search\" name=\"s\" required \/><button aria-label=\"S\u00f8k\" class=\"wp-block-search__button wp-element-button\" type=\"submit\" >S\u00f8k<\/button><\/div><\/form>\n<\/div><\/div>","protected":false},"excerpt":{"rendered":"<p>Oisann! Siden finnes ikke.<\/p>\n","protected":false},"author":1,"featured_media":98,"parent":0,"menu_order":0,"comment_status":"closed","ping_status":"open","template":"","meta":{"_searchwp_excluded":"","hide_post_title":false,"footnotes":""},"class_list":["post-2","page","type-page","status-publish","has-post-thumbnail","hentry"],"yoast_head":"<!-- This site is optimized with the Yoast SEO Premium plugin v26.9 (Yoast SEO v26.9) - https:\/\/yoast.com\/product\/yoast-seo-premium-wordpress\/ -->\n<title>Side ikke funnet - Stryhn&#039;s<\/title>\n<meta name=\"robots\" content=\"index, follow, max-snippet:-1, max-image-preview:large, max-video-preview:-1\" \/>\n<link rel=\"canonical\" href=\"https:\/\/mills.no\/stryhns\/side-ikke-funnet\/\" \/>\n<meta property=\"og:locale\" content=\"nb_NO\" \/>\n<meta property=\"og:type\" content=\"article\" \/>\n<meta property=\"og:title\" content=\"Side ikke funnet\" \/>\n<meta property=\"og:description\" content=\"Oisann! Siden finnes ikke.\" \/>\n<meta property=\"og:url\" content=\"https:\/\/mills.no\/stryhns\/side-ikke-funnet\/\" \/>\n<meta property=\"og:site_name\" content=\"Stryhn&#039;s\" \/>\n<meta property=\"article:modified_time\" content=\"2024-02-07T08:16:46+00:00\" \/>\n<meta property=\"og:image\" content=\"https:\/\/mills.no\/content\/uploads\/sites\/9\/2022\/02\/404-side-rod.png\" \/>\n\t<meta property=\"og:image:width\" content=\"1920\" \/>\n\t<meta property=\"og:image:height\" content=\"1080\" \/>\n\t<meta property=\"og:image:type\" content=\"image\/png\" \/>\n<meta name=\"twitter:card\" content=\"summary_large_image\" \/>\n<meta name=\"twitter:label1\" content=\"Ansl. lesetid\" \/>\n\t<meta name=\"twitter:data1\" content=\"1 minutt\" \/>\n<script type=\"application\/ld+json\" class=\"yoast-schema-graph\">{\"@context\":\"https:\/\/schema.org\",\"@graph\":[{\"@type\":\"WebPage\",\"@id\":\"https:\/\/mills.no\/stryhns\/side-ikke-funnet\/\",\"url\":\"https:\/\/mills.no\/stryhns\/side-ikke-funnet\/\",\"name\":\"Side ikke funnet - Stryhn&#039;s\",\"isPartOf\":{\"@id\":\"https:\/\/mills.no\/stryhns\/#website\"},\"primaryImageOfPage\":{\"@id\":\"https:\/\/mills.no\/stryhns\/side-ikke-funnet\/#primaryimage\"},\"image\":{\"@id\":\"https:\/\/mills.no\/stryhns\/side-ikke-funnet\/#primaryimage\"},\"thumbnailUrl\":\"https:\/\/mills.no\/content\/uploads\/sites\/9\/2022\/02\/404-side-rod.png\",\"datePublished\":\"2021-11-03T14:49:50+00:00\",\"dateModified\":\"2024-02-07T08:16:46+00:00\",\"breadcrumb\":{\"@id\":\"https:\/\/mills.no\/stryhns\/side-ikke-funnet\/#breadcrumb\"},\"inLanguage\":\"nb-NO\",\"potentialAction\":[{\"@type\":\"ReadAction\",\"target\":[\"https:\/\/mills.no\/stryhns\/side-ikke-funnet\/\"]}]},{\"@type\":\"ImageObject\",\"inLanguage\":\"nb-NO\",\"@id\":\"https:\/\/mills.no\/stryhns\/side-ikke-funnet\/#primaryimage\",\"url\":\"https:\/\/mills.no\/content\/uploads\/sites\/9\/2022\/02\/404-side-rod.png\",\"contentUrl\":\"https:\/\/mills.no\/content\/uploads\/sites\/9\/2022\/02\/404-side-rod.png\",\"width\":1920,\"height\":1080,\"caption\":\"tallene med triste \u00f8yne og plaster\"},{\"@type\":\"BreadcrumbList\",\"@id\":\"https:\/\/mills.no\/stryhns\/side-ikke-funnet\/#breadcrumb\",\"itemListElement\":[{\"@type\":\"ListItem\",\"position\":1,\"name\":\"Home\",\"item\":\"https:\/\/mills.no\/stryhns\/\"},{\"@type\":\"ListItem\",\"position\":2,\"name\":\"Side ikke funnet\"}]},{\"@type\":\"WebSite\",\"@id\":\"https:\/\/mills.no\/stryhns\/#website\",\"url\":\"https:\/\/mills.no\/stryhns\/\",\"name\":\"Stryhn&#039;s\",\"description\":\"Grov dansk leverpostei\",\"publisher\":{\"@id\":\"https:\/\/mills.no\/stryhns\/#organization\"},\"potentialAction\":[{\"@type\":\"SearchAction\",\"target\":{\"@type\":\"EntryPoint\",\"urlTemplate\":\"https:\/\/mills.no\/stryhns\/?s={search_term_string}\"},\"query-input\":{\"@type\":\"PropertyValueSpecification\",\"valueRequired\":true,\"valueName\":\"search_term_string\"}}],\"inLanguage\":\"nb-NO\"},{\"@type\":\"Organization\",\"@id\":\"https:\/\/mills.no\/stryhns\/#organization\",\"name\":\"Stryhn&#039;s\",\"url\":\"https:\/\/mills.no\/stryhns\/\",\"logo\":{\"@type\":\"ImageObject\",\"inLanguage\":\"nb-NO\",\"@id\":\"https:\/\/mills.no\/stryhns\/#\/schema\/logo\/image\/\",\"url\":\"https:\/\/mills.no\/content\/uploads\/sites\/9\/2021\/11\/logo-stryhns.svg\",\"contentUrl\":\"https:\/\/mills.no\/content\/uploads\/sites\/9\/2021\/11\/logo-stryhns.svg\",\"caption\":\"Stryhn&#039;s\"},\"image\":{\"@id\":\"https:\/\/mills.no\/stryhns\/#\/schema\/logo\/image\/\"}}]}<\/script>\n<!-- \/ Yoast SEO Premium plugin. -->","yoast_head_json":{"title":"Side ikke funnet - Stryhn&#039;s","robots":{"index":"index","follow":"follow","max-snippet":"max-snippet:-1","max-image-preview":"max-image-preview:large","max-video-preview":"max-video-preview:-1"},"canonical":"https:\/\/mills.no\/stryhns\/side-ikke-funnet\/","og_locale":"nb_NO","og_type":"article","og_title":"Side ikke funnet","og_description":"Oisann! Siden finnes ikke.","og_url":"https:\/\/mills.no\/stryhns\/side-ikke-funnet\/","og_site_name":"Stryhn&#039;s","article_modified_time":"2024-02-07T08:16:46+00:00","og_image":[{"width":1920,"height":1080,"url":"https:\/\/mills.no\/content\/uploads\/sites\/9\/2022\/02\/404-side-rod.png","type":"image\/png"}],"twitter_card":"summary_large_image","twitter_misc":{"Ansl. lesetid":"1 minutt"},"schema":{"@context":"https:\/\/schema.org","@graph":[{"@type":"WebPage","@id":"https:\/\/mills.no\/stryhns\/side-ikke-funnet\/","url":"https:\/\/mills.no\/stryhns\/side-ikke-funnet\/","name":"Side ikke funnet - Stryhn&#039;s","isPartOf":{"@id":"https:\/\/mills.no\/stryhns\/#website"},"primaryImageOfPage":{"@id":"https:\/\/mills.no\/stryhns\/side-ikke-funnet\/#primaryimage"},"image":{"@id":"https:\/\/mills.no\/stryhns\/side-ikke-funnet\/#primaryimage"},"thumbnailUrl":"https:\/\/mills.no\/content\/uploads\/sites\/9\/2022\/02\/404-side-rod.png","datePublished":"2021-11-03T14:49:50+00:00","dateModified":"2024-02-07T08:16:46+00:00","breadcrumb":{"@id":"https:\/\/mills.no\/stryhns\/side-ikke-funnet\/#breadcrumb"},"inLanguage":"nb-NO","potentialAction":[{"@type":"ReadAction","target":["https:\/\/mills.no\/stryhns\/side-ikke-funnet\/"]}]},{"@type":"ImageObject","inLanguage":"nb-NO","@id":"https:\/\/mills.no\/stryhns\/side-ikke-funnet\/#primaryimage","url":"https:\/\/mills.no\/content\/uploads\/sites\/9\/2022\/02\/404-side-rod.png","contentUrl":"https:\/\/mills.no\/content\/uploads\/sites\/9\/2022\/02\/404-side-rod.png","width":1920,"height":1080,"caption":"tallene med triste \u00f8yne og plaster"},{"@type":"BreadcrumbList","@id":"https:\/\/mills.no\/stryhns\/side-ikke-funnet\/#breadcrumb","itemListElement":[{"@type":"ListItem","position":1,"name":"Home","item":"https:\/\/mills.no\/stryhns\/"},{"@type":"ListItem","position":2,"name":"Side ikke funnet"}]},{"@type":"WebSite","@id":"https:\/\/mills.no\/stryhns\/#website","url":"https:\/\/mills.no\/stryhns\/","name":"Stryhn&#039;s","description":"Grov dansk leverpostei","publisher":{"@id":"https:\/\/mills.no\/stryhns\/#organization"},"potentialAction":[{"@type":"SearchAction","target":{"@type":"EntryPoint","urlTemplate":"https:\/\/mills.no\/stryhns\/?s={search_term_string}"},"query-input":{"@type":"PropertyValueSpecification","valueRequired":true,"valueName":"search_term_string"}}],"inLanguage":"nb-NO"},{"@type":"Organization","@id":"https:\/\/mills.no\/stryhns\/#organization","name":"Stryhn&#039;s","url":"https:\/\/mills.no\/stryhns\/","logo":{"@type":"ImageObject","inLanguage":"nb-NO","@id":"https:\/\/mills.no\/stryhns\/#\/schema\/logo\/image\/","url":"https:\/\/mills.no\/content\/uploads\/sites\/9\/2021\/11\/logo-stryhns.svg","contentUrl":"https:\/\/mills.no\/content\/uploads\/sites\/9\/2021\/11\/logo-stryhns.svg","caption":"Stryhn&#039;s"},"image":{"@id":"https:\/\/mills.no\/stryhns\/#\/schema\/logo\/image\/"}}]}},"_links":{"self":[{"href":"https:\/\/mills.no\/stryhns\/wp-json\/wp\/v2\/pages\/2","targetHints":{"allow":["GET"]}}],"collection":[{"href":"https:\/\/mills.no\/stryhns\/wp-json\/wp\/v2\/pages"}],"about":[{"href":"https:\/\/mills.no\/stryhns\/wp-json\/wp\/v2\/types\/page"}],"author":[{"embeddable":true,"href":"https:\/\/mills.no\/stryhns\/wp-json\/wp\/v2\/users\/1"}],"replies":[{"embeddable":true,"href":"https:\/\/mills.no\/stryhns\/wp-json\/wp\/v2\/comments?post=2"}],"version-history":[{"count":2,"href":"https:\/\/mills.no\/stryhns\/wp-json\/wp\/v2\/pages\/2\/revisions"}],"predecessor-version":[{"id":107,"href":"https:\/\/mills.no\/stryhns\/wp-json\/wp\/v2\/pages\/2\/revisions\/107"}],"wp:featuredmedia":[{"embeddable":true,"href":"https:\/\/mills.no\/stryhns\/wp-json\/wp\/v2\/media\/98"}],"wp:attachment":[{"href":"https:\/\/mills.no\/stryhns\/wp-json\/wp\/v2\/media?parent=2"}],"curies":[{"name":"wp","href":"https:\/\/api.w.org\/{rel}","templated":true}]}}