{"id":54,"date":"2016-02-21T09:38:30","date_gmt":"2016-02-21T08:38:30","guid":{"rendered":"https:\/\/mills.no\/stryhns\/stryhns-danskenes-foretrukne\/"},"modified":"2024-02-07T09:16:46","modified_gmt":"2024-02-07T08:16:46","slug":"om-stryhns","status":"publish","type":"page","link":"https:\/\/mills.no\/stryhns\/om-stryhns\/","title":{"rendered":"Stryhn\u2019s \u2013 Danskenes foretrukne"},"content":{"rendered":"<div class=\"mills-block-featured alignwide alignwide wp-block-mills-block-featured\"><img loading=\"lazy\" decoding=\"async\" width=\"1920\" height=\"930\" style=\"width:100%;height:100%;object-fit:cover\" src=\"https:\/\/mills.no\/content\/uploads\/sites\/9\/2016\/02\/Stryhns_vogn_1920_1920x930_acf_cropped-1.jpg\" class=\"wp-block-cover__image-background\" alt=\"\" srcset=\"https:\/\/mills.no\/content\/uploads\/sites\/9\/2016\/02\/Stryhns_vogn_1920_1920x930_acf_cropped-1.jpg 1920w, https:\/\/mills.no\/content\/uploads\/sites\/9\/2016\/02\/Stryhns_vogn_1920_1920x930_acf_cropped-1-300x145.jpg 300w, https:\/\/mills.no\/content\/uploads\/sites\/9\/2016\/02\/Stryhns_vogn_1920_1920x930_acf_cropped-1-1024x496.jpg 1024w, https:\/\/mills.no\/content\/uploads\/sites\/9\/2016\/02\/Stryhns_vogn_1920_1920x930_acf_cropped-1-768x372.jpg 768w, https:\/\/mills.no\/content\/uploads\/sites\/9\/2016\/02\/Stryhns_vogn_1920_1920x930_acf_cropped-1-1536x744.jpg 1536w, https:\/\/mills.no\/content\/uploads\/sites\/9\/2016\/02\/Stryhns_vogn_1920_1920x930_acf_cropped-1-80x39.jpg 80w\" sizes=\"auto, (max-width: 1920px) 100vw, 1920px\" \/><div class=\"wp-block-cover__inner-container\">\n<h1 class=\"has-text-align-center wp-block-post-title has-text-color has-neutral-1000-color\">Stryhn\u2019s \u2013 Danskenes foretrukne<\/h1>\n<p class=\"t2-ingress has-text-align-center align wp-block-t2-ingress\">Helt siden 1941 har Stryhn\u2019s levert leverposteier til kvalitetsbevisste dansker. Det startet med Henry Stryhns, en varesykkel og stort p\u00e5gangsmot. \n<\/p>\n<div class=\"has-text-align-center mills-published-date wp-block-post-date has-text-color has-neutral-1000-color\"><time datetime=\"2016-02-21T09:38:30+01:00\">21. februar 2016<\/time><\/div>\n<\/div><\/div>\n\n<div class=\"wp-block-media-text alignwide has-media-on-the-right is-stacked-on-mobile is-image-fill has-background has-neutral-0-background-color has-text-color has-neutral-1000-color\"><figure class=\"wp-block-media-text__media\" style=\"background-image:url('https:\/\/mills.no\/content\/uploads\/sites\/9\/2022\/01\/Budcykel.jpg');background-position:50% 50%;\"><img loading=\"lazy\" decoding=\"async\" width=\"901\" height=\"576\" src=\"https:\/\/mills.no\/content\/uploads\/sites\/9\/2022\/01\/Budcykel.jpg\" alt=\"\" class=\"wp-image-59 size-full\" srcset=\"https:\/\/mills.no\/content\/uploads\/sites\/9\/2022\/01\/Budcykel.jpg 901w, https:\/\/mills.no\/content\/uploads\/sites\/9\/2022\/01\/Budcykel-300x192.jpg 300w, https:\/\/mills.no\/content\/uploads\/sites\/9\/2022\/01\/Budcykel-768x491.jpg 768w, https:\/\/mills.no\/content\/uploads\/sites\/9\/2022\/01\/Budcykel-80x51.jpg 80w\" sizes=\"auto, (max-width: 901px) 100vw, 901px\" \/><\/figure><div class=\"wp-block-media-text__content\">\n<div class=\"wp-block-group is-layout-flow wp-block-group-is-layout-flow\">\n<p style=\"text-align:left;\">Henry Stryhns var 33 da han i 1941 forlot jobben sin som salgssj\u00e5f\u00f8r K\u00f8dbyen i K\u00f8benhavn. Han ville nemlig mye heller selge leverpostei og drive for seg selv. Arbeidsdagen var en lang, hard utfordring p\u00e5 16-17 timer med en sykkeltur p\u00e5 cirka 50 kilometer daglig. Sykkelen var ofte lastet med opptil 350 kilo leverpostei.<\/p>\n\n\n<p style=\"text-align:left;\">Stryhn\u2019s har lang tradisjon for h\u00f8y kvalitet, god smak og ikke minst en matglede som i generasjoner har gjort produktene til en del av danskenes hverdag.<\/p>\n\n\n<p style=\"text-align:left;\">&nbsp;<\/p>\n\n\n<p style=\"text-align:left;\">I dag er Stryhn\u2019s ensbetydende med smakfull postei og Danmarks mest solgte posteier b\u00e6rer merkenavnet.<\/p>\n<\/div>\n<\/div><\/div>","protected":false},"excerpt":{"rendered":"<p>Helt siden 1941 har Stryhn\u2019s levert leverposteier til kvalitetsbevisste dansker. Det startet med Henry Stryhns, en varesykkel og stort p\u00e5gangsmot.<\/p>\n","protected":false},"author":1,"featured_media":55,"parent":0,"menu_order":0,"comment_status":"closed","ping_status":"closed","template":"","meta":{"_searchwp_excluded":"","hide_post_title":false,"footnotes":""},"class_list":["post-54","page","type-page","status-publish","has-post-thumbnail","hentry"],"yoast_head":"<!-- This site is optimized with the Yoast SEO Premium plugin v26.9 (Yoast SEO v26.9) - https:\/\/yoast.com\/product\/yoast-seo-premium-wordpress\/ -->\n<title>Stryhn\u2019s \u2013 Danskenes foretrukne - Stryhn&#039;s<\/title>\n<meta name=\"robots\" content=\"index, follow, max-snippet:-1, max-image-preview:large, max-video-preview:-1\" \/>\n<link rel=\"canonical\" href=\"https:\/\/mills.no\/stryhns\/om-stryhns\/\" \/>\n<meta property=\"og:locale\" content=\"nb_NO\" \/>\n<meta property=\"og:type\" content=\"article\" \/>\n<meta property=\"og:title\" content=\"Stryhn\u2019s \u2013 Danskenes foretrukne\" \/>\n<meta property=\"og:description\" content=\"Helt siden 1941 har Stryhn\u2019s levert leverposteier til kvalitetsbevisste dansker. Det startet med Henry Stryhns, en varesykkel og stort p\u00e5gangsmot.\" \/>\n<meta property=\"og:url\" content=\"https:\/\/mills.no\/stryhns\/om-stryhns\/\" \/>\n<meta property=\"og:site_name\" content=\"Stryhn&#039;s\" \/>\n<meta property=\"article:modified_time\" content=\"2024-02-07T08:16:46+00:00\" \/>\n<meta property=\"og:image\" content=\"https:\/\/mills.no\/content\/uploads\/sites\/9\/2016\/02\/Stryhns_vogn_1920_1920x930_acf_cropped-1.jpg\" \/>\n\t<meta property=\"og:image:width\" content=\"1920\" \/>\n\t<meta property=\"og:image:height\" content=\"930\" \/>\n\t<meta property=\"og:image:type\" content=\"image\/jpeg\" \/>\n<meta name=\"twitter:card\" content=\"summary_large_image\" \/>\n<meta name=\"twitter:label1\" content=\"Ansl. lesetid\" \/>\n\t<meta name=\"twitter:data1\" content=\"1 minutt\" \/>\n<script type=\"application\/ld+json\" class=\"yoast-schema-graph\">{\"@context\":\"https:\/\/schema.org\",\"@graph\":[{\"@type\":\"WebPage\",\"@id\":\"https:\/\/mills.no\/stryhns\/om-stryhns\/\",\"url\":\"https:\/\/mills.no\/stryhns\/om-stryhns\/\",\"name\":\"Stryhn\u2019s \u2013 Danskenes foretrukne - Stryhn&#039;s\",\"isPartOf\":{\"@id\":\"https:\/\/mills.no\/stryhns\/#website\"},\"primaryImageOfPage\":{\"@id\":\"https:\/\/mills.no\/stryhns\/om-stryhns\/#primaryimage\"},\"image\":{\"@id\":\"https:\/\/mills.no\/stryhns\/om-stryhns\/#primaryimage\"},\"thumbnailUrl\":\"https:\/\/mills.no\/content\/uploads\/sites\/9\/2016\/02\/Stryhns_vogn_1920_1920x930_acf_cropped-1.jpg\",\"datePublished\":\"2016-02-21T08:38:30+00:00\",\"dateModified\":\"2024-02-07T08:16:46+00:00\",\"breadcrumb\":{\"@id\":\"https:\/\/mills.no\/stryhns\/om-stryhns\/#breadcrumb\"},\"inLanguage\":\"nb-NO\",\"potentialAction\":[{\"@type\":\"ReadAction\",\"target\":[\"https:\/\/mills.no\/stryhns\/om-stryhns\/\"]}]},{\"@type\":\"ImageObject\",\"inLanguage\":\"nb-NO\",\"@id\":\"https:\/\/mills.no\/stryhns\/om-stryhns\/#primaryimage\",\"url\":\"https:\/\/mills.no\/content\/uploads\/sites\/9\/2016\/02\/Stryhns_vogn_1920_1920x930_acf_cropped-1.jpg\",\"contentUrl\":\"https:\/\/mills.no\/content\/uploads\/sites\/9\/2016\/02\/Stryhns_vogn_1920_1920x930_acf_cropped-1.jpg\",\"width\":1920,\"height\":930},{\"@type\":\"BreadcrumbList\",\"@id\":\"https:\/\/mills.no\/stryhns\/om-stryhns\/#breadcrumb\",\"itemListElement\":[{\"@type\":\"ListItem\",\"position\":1,\"name\":\"Home\",\"item\":\"https:\/\/mills.no\/stryhns\/\"},{\"@type\":\"ListItem\",\"position\":2,\"name\":\"Stryhn\u2019s \u2013 Danskenes foretrukne\"}]},{\"@type\":\"WebSite\",\"@id\":\"https:\/\/mills.no\/stryhns\/#website\",\"url\":\"https:\/\/mills.no\/stryhns\/\",\"name\":\"Stryhn&#039;s\",\"description\":\"Grov dansk leverpostei\",\"publisher\":{\"@id\":\"https:\/\/mills.no\/stryhns\/#organization\"},\"potentialAction\":[{\"@type\":\"SearchAction\",\"target\":{\"@type\":\"EntryPoint\",\"urlTemplate\":\"https:\/\/mills.no\/stryhns\/?s={search_term_string}\"},\"query-input\":{\"@type\":\"PropertyValueSpecification\",\"valueRequired\":true,\"valueName\":\"search_term_string\"}}],\"inLanguage\":\"nb-NO\"},{\"@type\":\"Organization\",\"@id\":\"https:\/\/mills.no\/stryhns\/#organization\",\"name\":\"Stryhn&#039;s\",\"url\":\"https:\/\/mills.no\/stryhns\/\",\"logo\":{\"@type\":\"ImageObject\",\"inLanguage\":\"nb-NO\",\"@id\":\"https:\/\/mills.no\/stryhns\/#\/schema\/logo\/image\/\",\"url\":\"https:\/\/mills.no\/content\/uploads\/sites\/9\/2021\/11\/logo-stryhns.svg\",\"contentUrl\":\"https:\/\/mills.no\/content\/uploads\/sites\/9\/2021\/11\/logo-stryhns.svg\",\"caption\":\"Stryhn&#039;s\"},\"image\":{\"@id\":\"https:\/\/mills.no\/stryhns\/#\/schema\/logo\/image\/\"}}]}<\/script>\n<!-- \/ Yoast SEO Premium plugin. -->","yoast_head_json":{"title":"Stryhn\u2019s \u2013 Danskenes foretrukne - Stryhn&#039;s","robots":{"index":"index","follow":"follow","max-snippet":"max-snippet:-1","max-image-preview":"max-image-preview:large","max-video-preview":"max-video-preview:-1"},"canonical":"https:\/\/mills.no\/stryhns\/om-stryhns\/","og_locale":"nb_NO","og_type":"article","og_title":"Stryhn\u2019s \u2013 Danskenes foretrukne","og_description":"Helt siden 1941 har Stryhn\u2019s levert leverposteier til kvalitetsbevisste dansker. Det startet med Henry Stryhns, en varesykkel og stort p\u00e5gangsmot.","og_url":"https:\/\/mills.no\/stryhns\/om-stryhns\/","og_site_name":"Stryhn&#039;s","article_modified_time":"2024-02-07T08:16:46+00:00","og_image":[{"width":1920,"height":930,"url":"https:\/\/mills.no\/content\/uploads\/sites\/9\/2016\/02\/Stryhns_vogn_1920_1920x930_acf_cropped-1.jpg","type":"image\/jpeg"}],"twitter_card":"summary_large_image","twitter_misc":{"Ansl. lesetid":"1 minutt"},"schema":{"@context":"https:\/\/schema.org","@graph":[{"@type":"WebPage","@id":"https:\/\/mills.no\/stryhns\/om-stryhns\/","url":"https:\/\/mills.no\/stryhns\/om-stryhns\/","name":"Stryhn\u2019s \u2013 Danskenes foretrukne - Stryhn&#039;s","isPartOf":{"@id":"https:\/\/mills.no\/stryhns\/#website"},"primaryImageOfPage":{"@id":"https:\/\/mills.no\/stryhns\/om-stryhns\/#primaryimage"},"image":{"@id":"https:\/\/mills.no\/stryhns\/om-stryhns\/#primaryimage"},"thumbnailUrl":"https:\/\/mills.no\/content\/uploads\/sites\/9\/2016\/02\/Stryhns_vogn_1920_1920x930_acf_cropped-1.jpg","datePublished":"2016-02-21T08:38:30+00:00","dateModified":"2024-02-07T08:16:46+00:00","breadcrumb":{"@id":"https:\/\/mills.no\/stryhns\/om-stryhns\/#breadcrumb"},"inLanguage":"nb-NO","potentialAction":[{"@type":"ReadAction","target":["https:\/\/mills.no\/stryhns\/om-stryhns\/"]}]},{"@type":"ImageObject","inLanguage":"nb-NO","@id":"https:\/\/mills.no\/stryhns\/om-stryhns\/#primaryimage","url":"https:\/\/mills.no\/content\/uploads\/sites\/9\/2016\/02\/Stryhns_vogn_1920_1920x930_acf_cropped-1.jpg","contentUrl":"https:\/\/mills.no\/content\/uploads\/sites\/9\/2016\/02\/Stryhns_vogn_1920_1920x930_acf_cropped-1.jpg","width":1920,"height":930},{"@type":"BreadcrumbList","@id":"https:\/\/mills.no\/stryhns\/om-stryhns\/#breadcrumb","itemListElement":[{"@type":"ListItem","position":1,"name":"Home","item":"https:\/\/mills.no\/stryhns\/"},{"@type":"ListItem","position":2,"name":"Stryhn\u2019s \u2013 Danskenes foretrukne"}]},{"@type":"WebSite","@id":"https:\/\/mills.no\/stryhns\/#website","url":"https:\/\/mills.no\/stryhns\/","name":"Stryhn&#039;s","description":"Grov dansk leverpostei","publisher":{"@id":"https:\/\/mills.no\/stryhns\/#organization"},"potentialAction":[{"@type":"SearchAction","target":{"@type":"EntryPoint","urlTemplate":"https:\/\/mills.no\/stryhns\/?s={search_term_string}"},"query-input":{"@type":"PropertyValueSpecification","valueRequired":true,"valueName":"search_term_string"}}],"inLanguage":"nb-NO"},{"@type":"Organization","@id":"https:\/\/mills.no\/stryhns\/#organization","name":"Stryhn&#039;s","url":"https:\/\/mills.no\/stryhns\/","logo":{"@type":"ImageObject","inLanguage":"nb-NO","@id":"https:\/\/mills.no\/stryhns\/#\/schema\/logo\/image\/","url":"https:\/\/mills.no\/content\/uploads\/sites\/9\/2021\/11\/logo-stryhns.svg","contentUrl":"https:\/\/mills.no\/content\/uploads\/sites\/9\/2021\/11\/logo-stryhns.svg","caption":"Stryhn&#039;s"},"image":{"@id":"https:\/\/mills.no\/stryhns\/#\/schema\/logo\/image\/"}}]}},"_links":{"self":[{"href":"https:\/\/mills.no\/stryhns\/wp-json\/wp\/v2\/pages\/54","targetHints":{"allow":["GET"]}}],"collection":[{"href":"https:\/\/mills.no\/stryhns\/wp-json\/wp\/v2\/pages"}],"about":[{"href":"https:\/\/mills.no\/stryhns\/wp-json\/wp\/v2\/types\/page"}],"author":[{"embeddable":true,"href":"https:\/\/mills.no\/stryhns\/wp-json\/wp\/v2\/users\/1"}],"replies":[{"embeddable":true,"href":"https:\/\/mills.no\/stryhns\/wp-json\/wp\/v2\/comments?post=54"}],"version-history":[{"count":9,"href":"https:\/\/mills.no\/stryhns\/wp-json\/wp\/v2\/pages\/54\/revisions"}],"predecessor-version":[{"id":108,"href":"https:\/\/mills.no\/stryhns\/wp-json\/wp\/v2\/pages\/54\/revisions\/108"}],"wp:featuredmedia":[{"embeddable":true,"href":"https:\/\/mills.no\/stryhns\/wp-json\/wp\/v2\/media\/55"}],"wp:attachment":[{"href":"https:\/\/mills.no\/stryhns\/wp-json\/wp\/v2\/media?parent=54"}],"curies":[{"name":"wp","href":"https:\/\/api.w.org\/{rel}","templated":true}]}}