{"id":56,"date":"2016-01-18T12:25:42","date_gmt":"2016-01-18T11:25:42","guid":{"rendered":"https:\/\/mills.no\/stryhns\/stryhns\/"},"modified":"2024-05-13T10:31:46","modified_gmt":"2024-05-13T08:31:46","slug":"stryhns","status":"publish","type":"page","link":"https:\/\/mills.no\/stryhns\/","title":{"rendered":"Stryhns"},"content":{"rendered":"<div class=\"mills-block-featured alignwide alignwide wp-block-mills-block-featured\"><img loading=\"lazy\" decoding=\"async\" width=\"1920\" height=\"930\" style=\"width:100%;height:100%;object-fit:cover\" src=\"https:\/\/mills.no\/content\/uploads\/sites\/9\/2016\/01\/leverpostei_toppbilde_1920x930_acf_cropped.jpg\" class=\"wp-block-cover__image-background\" alt=\"\" srcset=\"https:\/\/mills.no\/content\/uploads\/sites\/9\/2016\/01\/leverpostei_toppbilde_1920x930_acf_cropped.jpg 1920w, https:\/\/mills.no\/content\/uploads\/sites\/9\/2016\/01\/leverpostei_toppbilde_1920x930_acf_cropped-300x145.jpg 300w, https:\/\/mills.no\/content\/uploads\/sites\/9\/2016\/01\/leverpostei_toppbilde_1920x930_acf_cropped-1024x496.jpg 1024w, https:\/\/mills.no\/content\/uploads\/sites\/9\/2016\/01\/leverpostei_toppbilde_1920x930_acf_cropped-768x372.jpg 768w, https:\/\/mills.no\/content\/uploads\/sites\/9\/2016\/01\/leverpostei_toppbilde_1920x930_acf_cropped-1536x744.jpg 1536w, https:\/\/mills.no\/content\/uploads\/sites\/9\/2016\/01\/leverpostei_toppbilde_1920x930_acf_cropped-80x39.jpg 80w\" sizes=\"auto, (max-width: 1920px) 100vw, 1920px\" \/><div class=\"wp-block-cover__inner-container\">\n<h1 class=\"has-text-align-center wp-block-post-title has-text-color has-neutral-1000-color\">Stryhns<\/h1>\n\n<p class=\"t2-ingress has-text-align-center align wp-block-t2-ingress\">Stryhn\u2019s er gjennom generasjoner blitt selve betegnelsen p\u00e5 dansk leverpostei og er den mest spiste posteien i Danmark. Stryhns er heldigvis ogs\u00e5 godt representert i norske butikkhyller og tilbyr sv\u00e6rt smaksrike leverposteier med gode r\u00e5varer. \n<\/p>\n<\/div><\/div>\n\n\n\t\t<div class=\"has-background has-neutral-50-background-color is-style-vertical-spacing is-style-horizontal-spacing alignwide wp-block-mills-section has-background has-neutral-50-background-color\">\n\t\t\t<div class=\"wp-block-mills-section__inner alignwide\">\n\t\t\t\t\n<div class=\"t2-featured-content-layout alignwide alignwide wp-block-t2-featured-content-layout\" role=\"list\">\n<div class=\"t2-featured-single-post t2-featured-content is-post-type-product brand-stryhns allergen-gluten allergen-melk allergen-soya-spor product_category-palegg wp-block-t2-featured-single-post t2-featured-content-layout-col-12\" role=\"listitem\"><a class=\"t2-post-link wp-block-t2-post-link\" href=\"https:\/\/mills.no\/stryhns\/produkt\/stryhns-dansk-grov-postei\/\">\n<figure style=\"--t2-focal-point: 50% 50%;\" class=\"t2-post-featured-image has-image-ratio-16-9 wp-block-t2-post-featured-image\"><img loading=\"lazy\" decoding=\"async\" width=\"500\" height=\"302\" src=\"https:\/\/mills.no\/content\/uploads\/2016\/03\/stryhns_grov_postei.png\" class=\"attachment-medium-large size-medium-large wp-post-image\" alt=\"Stryhns grov postei\" srcset=\"https:\/\/mills.no\/content\/uploads\/2016\/03\/stryhns_grov_postei.png 500w, https:\/\/mills.no\/content\/uploads\/2016\/03\/stryhns_grov_postei-300x181.png 300w, https:\/\/mills.no\/content\/uploads\/2016\/03\/stryhns_grov_postei-80x48.png 80w\" sizes=\"auto, (max-width: 500px) 100vw, 500px\" \/><\/figure>\n\n<div class=\"wp-block-group alignfull is-layout-flow wp-block-group-is-layout-flow\">\n\t\n\t\t<div class=\"tax-product_label wp-block-mills-post-terms\">\n\t\t\t\n\t\t<\/div>\n\t<h2 class=\"t2-post-title wp-block-t2-post-title\">Stryhn&#8217;s dansk grov postei<\/h2>\n\t<div class=\"t2-post-excerpt wp-block-t2-post-excerpt\"><p>Stryhn\u2019s dansk grov leverpostei er den norske varianten av Danmarks desidert mestselgende leverpostei. En grov og smaksrik leverpostei bygget p\u00e5&hellip;<\/p><\/div>\n<\/div>\n\n<\/a>\n<\/div>\n<\/div>\n\n\t\t\t<\/div>\n\t\t<\/div>\n\n\n<div class=\"wp-block-media-text alignwide is-stacked-on-mobile is-image-fill has-neutral-1000-color has-neutral-0-background-color has-text-color has-background\"><figure class=\"wp-block-media-text__media\" style=\"background-image:url(https:\/\/mills.no\/content\/uploads\/sites\/9\/2022\/01\/20100924_lun_leverpostej_m_.jpg);background-position:50% 50%\"><img loading=\"lazy\" decoding=\"async\" width=\"600\" height=\"300\" src=\"https:\/\/mills.no\/content\/uploads\/sites\/9\/2022\/01\/20100924_lun_leverpostej_m_.jpg\" alt=\"\" class=\"wp-image-63 size-full\" srcset=\"https:\/\/mills.no\/content\/uploads\/sites\/9\/2022\/01\/20100924_lun_leverpostej_m_.jpg 600w, https:\/\/mills.no\/content\/uploads\/sites\/9\/2022\/01\/20100924_lun_leverpostej_m_-300x150.jpg 300w, https:\/\/mills.no\/content\/uploads\/sites\/9\/2022\/01\/20100924_lun_leverpostej_m_-80x40.jpg 80w\" sizes=\"auto, (max-width: 600px) 100vw, 600px\" \/><\/figure><div class=\"wp-block-media-text__content\">\n<h2 class=\"wp-block-heading\" id=\"h-tips\">Tips! <\/h2>\n\n\n\n<div class=\"wp-block-group is-layout-flow wp-block-group-is-layout-flow\">\n<p class=\"has-text-align-left\">Dansker er spesielt flinke til \u00e5 spise leverposteien varm! Sett ovnen p\u00e5 200 grader og lun leverposteien i 10-15 minutter.<\/p>\n\n\n\n<p class=\"has-text-align-left\"><em>Nyt med godt tilbeh\u00f8r, som saftig rugbr\u00f8d eller en frisk salat.<\/em><\/p>\n<\/div>\n<\/div><\/div>\n\n\n\n<figure class=\"wp-block-embed alignwide is-type-rich is-provider-h-ndterer-for-innbygging wp-block-embed-h-ndterer-for-innbygging wp-embed-aspect-16-9 wp-has-aspect-ratio\"><div class=\"wp-block-embed__wrapper\">\n<iframe loading=\"lazy\" title=\"Stryhn&#039;s Leverpostei\" width=\"500\" height=\"281\" src=\"https:\/\/www.youtube.com\/embed\/qIvCmwpSXoA?feature=oembed\" frameborder=\"0\" allow=\"accelerometer; autoplay; clipboard-write; encrypted-media; gyroscope; picture-in-picture; web-share\" referrerpolicy=\"strict-origin-when-cross-origin\" allowfullscreen><\/iframe>\n<\/div><\/figure>\n","protected":false},"excerpt":{"rendered":"<p>Stryhn\u2019s er gjennom generasjoner blitt selve betegnelsen p\u00e5 dansk leverpostei og er den mest spiste posteien i Danmark. Stryhns er&hellip;<\/p>\n","protected":false},"author":2,"featured_media":58,"parent":0,"menu_order":10,"comment_status":"closed","ping_status":"closed","template":"","meta":{"_searchwp_excluded":"","hide_post_title":false,"footnotes":""},"class_list":["post-56","page","type-page","status-publish","has-post-thumbnail","hentry"],"yoast_head":"<!-- This site is optimized with the Yoast SEO Premium plugin v26.9 (Yoast SEO v26.9) - https:\/\/yoast.com\/product\/yoast-seo-premium-wordpress\/ -->\n<title>Stryhns - Stryhn&#039;s<\/title>\n<meta name=\"robots\" content=\"index, follow, max-snippet:-1, max-image-preview:large, max-video-preview:-1\" \/>\n<link rel=\"canonical\" href=\"https:\/\/mills.no\/stryhns\/\" \/>\n<meta property=\"og:locale\" content=\"nb_NO\" \/>\n<meta property=\"og:type\" content=\"article\" \/>\n<meta property=\"og:title\" content=\"Stryhns\" \/>\n<meta property=\"og:description\" content=\"Stryhn\u2019s er gjennom generasjoner blitt selve betegnelsen p\u00e5 dansk leverpostei og er den mest spiste posteien i Danmark. Stryhns er&hellip;\" \/>\n<meta property=\"og:url\" content=\"https:\/\/mills.no\/stryhns\/\" \/>\n<meta property=\"og:site_name\" content=\"Stryhn&#039;s\" \/>\n<meta property=\"article:modified_time\" content=\"2024-05-13T08:31:46+00:00\" \/>\n<meta property=\"og:image\" content=\"https:\/\/mills.no\/content\/uploads\/sites\/9\/2016\/01\/leverpostei_toppbilde_1920x930_acf_cropped.jpg\" \/>\n\t<meta property=\"og:image:width\" content=\"1920\" \/>\n\t<meta property=\"og:image:height\" content=\"930\" \/>\n\t<meta property=\"og:image:type\" content=\"image\/jpeg\" \/>\n<meta name=\"twitter:card\" content=\"summary_large_image\" \/>\n<meta name=\"twitter:label1\" content=\"Ansl. lesetid\" \/>\n\t<meta name=\"twitter:data1\" content=\"1 minutt\" \/>\n<script type=\"application\/ld+json\" class=\"yoast-schema-graph\">{\"@context\":\"https:\/\/schema.org\",\"@graph\":[{\"@type\":\"WebPage\",\"@id\":\"https:\/\/mills.no\/stryhns\/\",\"url\":\"https:\/\/mills.no\/stryhns\/\",\"name\":\"Stryhns - Stryhn&#039;s\",\"isPartOf\":{\"@id\":\"https:\/\/mills.no\/stryhns\/#website\"},\"primaryImageOfPage\":{\"@id\":\"https:\/\/mills.no\/stryhns\/#primaryimage\"},\"image\":{\"@id\":\"https:\/\/mills.no\/stryhns\/#primaryimage\"},\"thumbnailUrl\":\"https:\/\/mills.no\/content\/uploads\/sites\/9\/2016\/01\/leverpostei_toppbilde_1920x930_acf_cropped.jpg\",\"datePublished\":\"2016-01-18T11:25:42+00:00\",\"dateModified\":\"2024-05-13T08:31:46+00:00\",\"breadcrumb\":{\"@id\":\"https:\/\/mills.no\/stryhns\/#breadcrumb\"},\"inLanguage\":\"nb-NO\",\"potentialAction\":[{\"@type\":\"ReadAction\",\"target\":[\"https:\/\/mills.no\/stryhns\/\"]}]},{\"@type\":\"ImageObject\",\"inLanguage\":\"nb-NO\",\"@id\":\"https:\/\/mills.no\/stryhns\/#primaryimage\",\"url\":\"https:\/\/mills.no\/content\/uploads\/sites\/9\/2016\/01\/leverpostei_toppbilde_1920x930_acf_cropped.jpg\",\"contentUrl\":\"https:\/\/mills.no\/content\/uploads\/sites\/9\/2016\/01\/leverpostei_toppbilde_1920x930_acf_cropped.jpg\",\"width\":1920,\"height\":930},{\"@type\":\"BreadcrumbList\",\"@id\":\"https:\/\/mills.no\/stryhns\/#breadcrumb\",\"itemListElement\":[{\"@type\":\"ListItem\",\"position\":1,\"name\":\"Home\",\"item\":\"https:\/\/mills.no\/stryhns\/\"},{\"@type\":\"ListItem\",\"position\":2,\"name\":\"Stryhns\"}]},{\"@type\":\"WebSite\",\"@id\":\"https:\/\/mills.no\/stryhns\/#website\",\"url\":\"https:\/\/mills.no\/stryhns\/\",\"name\":\"Stryhn&#039;s\",\"description\":\"Grov dansk leverpostei\",\"publisher\":{\"@id\":\"https:\/\/mills.no\/stryhns\/#organization\"},\"potentialAction\":[{\"@type\":\"SearchAction\",\"target\":{\"@type\":\"EntryPoint\",\"urlTemplate\":\"https:\/\/mills.no\/stryhns\/?s={search_term_string}\"},\"query-input\":{\"@type\":\"PropertyValueSpecification\",\"valueRequired\":true,\"valueName\":\"search_term_string\"}}],\"inLanguage\":\"nb-NO\"},{\"@type\":\"Organization\",\"@id\":\"https:\/\/mills.no\/stryhns\/#organization\",\"name\":\"Stryhn&#039;s\",\"url\":\"https:\/\/mills.no\/stryhns\/\",\"logo\":{\"@type\":\"ImageObject\",\"inLanguage\":\"nb-NO\",\"@id\":\"https:\/\/mills.no\/stryhns\/#\/schema\/logo\/image\/\",\"url\":\"https:\/\/mills.no\/content\/uploads\/sites\/9\/2021\/11\/logo-stryhns.svg\",\"contentUrl\":\"https:\/\/mills.no\/content\/uploads\/sites\/9\/2021\/11\/logo-stryhns.svg\",\"caption\":\"Stryhn&#039;s\"},\"image\":{\"@id\":\"https:\/\/mills.no\/stryhns\/#\/schema\/logo\/image\/\"}}]}<\/script>\n<!-- \/ Yoast SEO Premium plugin. -->","yoast_head_json":{"title":"Stryhns - Stryhn&#039;s","robots":{"index":"index","follow":"follow","max-snippet":"max-snippet:-1","max-image-preview":"max-image-preview:large","max-video-preview":"max-video-preview:-1"},"canonical":"https:\/\/mills.no\/stryhns\/","og_locale":"nb_NO","og_type":"article","og_title":"Stryhns","og_description":"Stryhn\u2019s er gjennom generasjoner blitt selve betegnelsen p\u00e5 dansk leverpostei og er den mest spiste posteien i Danmark. Stryhns er&hellip;","og_url":"https:\/\/mills.no\/stryhns\/","og_site_name":"Stryhn&#039;s","article_modified_time":"2024-05-13T08:31:46+00:00","og_image":[{"width":1920,"height":930,"url":"https:\/\/mills.no\/content\/uploads\/sites\/9\/2016\/01\/leverpostei_toppbilde_1920x930_acf_cropped.jpg","type":"image\/jpeg"}],"twitter_card":"summary_large_image","twitter_misc":{"Ansl. lesetid":"1 minutt"},"schema":{"@context":"https:\/\/schema.org","@graph":[{"@type":"WebPage","@id":"https:\/\/mills.no\/stryhns\/","url":"https:\/\/mills.no\/stryhns\/","name":"Stryhns - Stryhn&#039;s","isPartOf":{"@id":"https:\/\/mills.no\/stryhns\/#website"},"primaryImageOfPage":{"@id":"https:\/\/mills.no\/stryhns\/#primaryimage"},"image":{"@id":"https:\/\/mills.no\/stryhns\/#primaryimage"},"thumbnailUrl":"https:\/\/mills.no\/content\/uploads\/sites\/9\/2016\/01\/leverpostei_toppbilde_1920x930_acf_cropped.jpg","datePublished":"2016-01-18T11:25:42+00:00","dateModified":"2024-05-13T08:31:46+00:00","breadcrumb":{"@id":"https:\/\/mills.no\/stryhns\/#breadcrumb"},"inLanguage":"nb-NO","potentialAction":[{"@type":"ReadAction","target":["https:\/\/mills.no\/stryhns\/"]}]},{"@type":"ImageObject","inLanguage":"nb-NO","@id":"https:\/\/mills.no\/stryhns\/#primaryimage","url":"https:\/\/mills.no\/content\/uploads\/sites\/9\/2016\/01\/leverpostei_toppbilde_1920x930_acf_cropped.jpg","contentUrl":"https:\/\/mills.no\/content\/uploads\/sites\/9\/2016\/01\/leverpostei_toppbilde_1920x930_acf_cropped.jpg","width":1920,"height":930},{"@type":"BreadcrumbList","@id":"https:\/\/mills.no\/stryhns\/#breadcrumb","itemListElement":[{"@type":"ListItem","position":1,"name":"Home","item":"https:\/\/mills.no\/stryhns\/"},{"@type":"ListItem","position":2,"name":"Stryhns"}]},{"@type":"WebSite","@id":"https:\/\/mills.no\/stryhns\/#website","url":"https:\/\/mills.no\/stryhns\/","name":"Stryhn&#039;s","description":"Grov dansk leverpostei","publisher":{"@id":"https:\/\/mills.no\/stryhns\/#organization"},"potentialAction":[{"@type":"SearchAction","target":{"@type":"EntryPoint","urlTemplate":"https:\/\/mills.no\/stryhns\/?s={search_term_string}"},"query-input":{"@type":"PropertyValueSpecification","valueRequired":true,"valueName":"search_term_string"}}],"inLanguage":"nb-NO"},{"@type":"Organization","@id":"https:\/\/mills.no\/stryhns\/#organization","name":"Stryhn&#039;s","url":"https:\/\/mills.no\/stryhns\/","logo":{"@type":"ImageObject","inLanguage":"nb-NO","@id":"https:\/\/mills.no\/stryhns\/#\/schema\/logo\/image\/","url":"https:\/\/mills.no\/content\/uploads\/sites\/9\/2021\/11\/logo-stryhns.svg","contentUrl":"https:\/\/mills.no\/content\/uploads\/sites\/9\/2021\/11\/logo-stryhns.svg","caption":"Stryhn&#039;s"},"image":{"@id":"https:\/\/mills.no\/stryhns\/#\/schema\/logo\/image\/"}}]}},"_links":{"self":[{"href":"https:\/\/mills.no\/stryhns\/wp-json\/wp\/v2\/pages\/56","targetHints":{"allow":["GET"]}}],"collection":[{"href":"https:\/\/mills.no\/stryhns\/wp-json\/wp\/v2\/pages"}],"about":[{"href":"https:\/\/mills.no\/stryhns\/wp-json\/wp\/v2\/types\/page"}],"author":[{"embeddable":true,"href":"https:\/\/mills.no\/stryhns\/wp-json\/wp\/v2\/users\/2"}],"replies":[{"embeddable":true,"href":"https:\/\/mills.no\/stryhns\/wp-json\/wp\/v2\/comments?post=56"}],"version-history":[{"count":11,"href":"https:\/\/mills.no\/stryhns\/wp-json\/wp\/v2\/pages\/56\/revisions"}],"predecessor-version":[{"id":114,"href":"https:\/\/mills.no\/stryhns\/wp-json\/wp\/v2\/pages\/56\/revisions\/114"}],"wp:featuredmedia":[{"embeddable":true,"href":"https:\/\/mills.no\/stryhns\/wp-json\/wp\/v2\/media\/58"}],"wp:attachment":[{"href":"https:\/\/mills.no\/stryhns\/wp-json\/wp\/v2\/media?parent=56"}],"curies":[{"name":"wp","href":"https:\/\/api.w.org\/{rel}","templated":true}]}}