{"id":32997,"date":"2016-03-11T14:31:05","date_gmt":"2016-03-11T13:31:05","guid":{"rendered":"https:\/\/mills.no\/produkt\/stryhns-dansk-grov-postei\/"},"modified":"2024-05-13T10:27:14","modified_gmt":"2024-05-13T08:27:14","slug":"stryhns-dansk-grov-postei","status":"publish","type":"product","link":"https:\/\/mills.no\/stryhns\/produkt\/stryhns-dansk-grov-postei\/","title":{"rendered":"Stryhn&#8217;s dansk grov postei"},"content":{"rendered":"<div class=\"mills-block-featured alignwide alignwide wp-block-mills-block-featured\"><div class=\"wp-block-cover__inner-container\">\n<h1 class=\"has-text-align-center wp-block-post-title has-text-color has-neutral-1000-color\">Stryhn&#8217;s dansk grov postei<\/h1>\n\n<p class=\"t2-ingress has-text-align-center align wp-block-t2-ingress\">Stryhn\u2019s dansk grov leverpostei er den norske varianten av Danmarks desidert mestselgende leverpostei. En grov og smaksrik leverpostei bygget p\u00e5 tradisjonell dansk resept, laget med norske r\u00e5varer i v\u00e5r fabrikk i Drammen. Spis den som den er \u2013 eller pr\u00f8v \u00e5 lune den i ovn ved 200 grader i 10-15 minutter, for \u00e5 nyte den slik danskene selv foretrekker.\n<\/p>\n<\/div><\/div>\n\n\n\t\t<div class=\"has-background has-neutral-0-background-color is-style-vertical-spacing is-style-horizontal-spacing alignwide wp-block-mills-section has-background has-neutral-0-background-color\">\n\t\t\t<div class=\"wp-block-mills-section__inner aligncenter\">\n\t\t\t\t\n\n<figure class=\"wp-block-image aligncenter size-full\"><img decoding=\"async\" src=\"https:\/\/mills.no\/content\/uploads\/2016\/03\/stryhns-grov.png\" alt=\"stryhn's grov leverpostei pakningsbilde\" class=\"wp-image-42481\"\/><\/figure>\n\n\n\t\t\t<\/div>\n\t\t<\/div>\n\n","protected":false},"excerpt":{"rendered":"<p>Stryhn\u2019s dansk grov leverpostei er den norske varianten av Danmarks desidert mestselgende leverpostei. En grov og smaksrik leverpostei bygget p\u00e5&hellip;<\/p>\n","protected":false},"featured_media":0,"menu_order":96,"template":"","meta":{"_searchwp_excluded":"","hide_post_title":false,"mills_central_gtin":"","footnotes":""},"brand":[],"allergen":[],"product_category":[],"product_label":[],"class_list":["post-32997","product","type-product","status-publish","hentry"],"yoast_head":"<!-- This site is optimized with the Yoast SEO Premium plugin v26.9 (Yoast SEO v26.9) - https:\/\/yoast.com\/product\/yoast-seo-premium-wordpress\/ -->\n<title>Stryhn&#039;s dansk grov postei - Stryhn&#039;s<\/title>\n<meta name=\"robots\" content=\"index, follow, max-snippet:-1, max-image-preview:large, max-video-preview:-1\" \/>\n<link rel=\"canonical\" href=\"https:\/\/mills.no\/stryhns\/produkt\/stryhns-dansk-grov-postei\/\" \/>\n<meta property=\"og:locale\" content=\"nb_NO\" \/>\n<meta property=\"og:type\" content=\"article\" \/>\n<meta property=\"og:title\" content=\"Stryhn&#039;s dansk grov postei\" \/>\n<meta property=\"og:description\" content=\"Stryhn\u2019s dansk grov leverpostei er den norske varianten av Danmarks desidert mestselgende leverpostei. En grov og smaksrik leverpostei bygget p\u00e5&hellip;\" \/>\n<meta property=\"og:url\" content=\"https:\/\/mills.no\/stryhns\/produkt\/stryhns-dansk-grov-postei\/\" \/>\n<meta property=\"og:site_name\" content=\"Stryhn&#039;s\" \/>\n<meta property=\"article:modified_time\" content=\"2024-05-13T08:27:14+00:00\" \/>\n<meta property=\"og:image\" content=\"https:\/\/mills.no\/content\/uploads\/2016\/03\/stryhns-grov.png\" \/>\n<meta name=\"twitter:card\" content=\"summary_large_image\" \/>\n<script type=\"application\/ld+json\" class=\"yoast-schema-graph\">{\"@context\":\"https:\/\/schema.org\",\"@graph\":[{\"@type\":\"WebPage\",\"@id\":\"https:\/\/mills.no\/stryhns\/produkt\/stryhns-dansk-grov-postei\/\",\"url\":\"https:\/\/mills.no\/stryhns\/produkt\/stryhns-dansk-grov-postei\/\",\"name\":\"Stryhn's dansk grov postei - Stryhn&#039;s\",\"isPartOf\":{\"@id\":\"https:\/\/mills.no\/stryhns\/#website\"},\"primaryImageOfPage\":{\"@id\":\"https:\/\/mills.no\/stryhns\/produkt\/stryhns-dansk-grov-postei\/#primaryimage\"},\"image\":{\"@id\":\"https:\/\/mills.no\/stryhns\/produkt\/stryhns-dansk-grov-postei\/#primaryimage\"},\"thumbnailUrl\":\"https:\/\/mills.no\/content\/uploads\/2016\/03\/stryhns-grov.png\",\"datePublished\":\"2016-03-11T13:31:05+00:00\",\"dateModified\":\"2024-05-13T08:27:14+00:00\",\"breadcrumb\":{\"@id\":\"https:\/\/mills.no\/stryhns\/produkt\/stryhns-dansk-grov-postei\/#breadcrumb\"},\"inLanguage\":\"nb-NO\",\"potentialAction\":[{\"@type\":\"ReadAction\",\"target\":[\"https:\/\/mills.no\/stryhns\/produkt\/stryhns-dansk-grov-postei\/\"]}]},{\"@type\":\"ImageObject\",\"inLanguage\":\"nb-NO\",\"@id\":\"https:\/\/mills.no\/stryhns\/produkt\/stryhns-dansk-grov-postei\/#primaryimage\",\"url\":\"https:\/\/mills.no\/content\/uploads\/2016\/03\/stryhns-grov.png\",\"contentUrl\":\"https:\/\/mills.no\/content\/uploads\/2016\/03\/stryhns-grov.png\"},{\"@type\":\"BreadcrumbList\",\"@id\":\"https:\/\/mills.no\/stryhns\/produkt\/stryhns-dansk-grov-postei\/#breadcrumb\",\"itemListElement\":[{\"@type\":\"ListItem\",\"position\":1,\"name\":\"Home\",\"item\":\"https:\/\/mills.no\/stryhns\/\"},{\"@type\":\"ListItem\",\"position\":2,\"name\":\"Produkter\",\"item\":\"https:\/\/mills.no\/stryhns\/produkter\/\"},{\"@type\":\"ListItem\",\"position\":3,\"name\":\"Stryhn&#8217;s dansk grov postei\"}]},{\"@type\":\"WebSite\",\"@id\":\"https:\/\/mills.no\/stryhns\/#website\",\"url\":\"https:\/\/mills.no\/stryhns\/\",\"name\":\"Stryhn&#039;s\",\"description\":\"Grov dansk leverpostei\",\"publisher\":{\"@id\":\"https:\/\/mills.no\/stryhns\/#organization\"},\"potentialAction\":[{\"@type\":\"SearchAction\",\"target\":{\"@type\":\"EntryPoint\",\"urlTemplate\":\"https:\/\/mills.no\/stryhns\/?s={search_term_string}\"},\"query-input\":{\"@type\":\"PropertyValueSpecification\",\"valueRequired\":true,\"valueName\":\"search_term_string\"}}],\"inLanguage\":\"nb-NO\"},{\"@type\":\"Organization\",\"@id\":\"https:\/\/mills.no\/stryhns\/#organization\",\"name\":\"Stryhn&#039;s\",\"url\":\"https:\/\/mills.no\/stryhns\/\",\"logo\":{\"@type\":\"ImageObject\",\"inLanguage\":\"nb-NO\",\"@id\":\"https:\/\/mills.no\/stryhns\/#\/schema\/logo\/image\/\",\"url\":\"https:\/\/mills.no\/content\/uploads\/sites\/9\/2021\/11\/logo-stryhns.svg\",\"contentUrl\":\"https:\/\/mills.no\/content\/uploads\/sites\/9\/2021\/11\/logo-stryhns.svg\",\"caption\":\"Stryhn&#039;s\"},\"image\":{\"@id\":\"https:\/\/mills.no\/stryhns\/#\/schema\/logo\/image\/\"}}]}<\/script>\n<!-- \/ Yoast SEO Premium plugin. -->","yoast_head_json":{"title":"Stryhn's dansk grov postei - Stryhn&#039;s","robots":{"index":"index","follow":"follow","max-snippet":"max-snippet:-1","max-image-preview":"max-image-preview:large","max-video-preview":"max-video-preview:-1"},"canonical":"https:\/\/mills.no\/stryhns\/produkt\/stryhns-dansk-grov-postei\/","og_locale":"nb_NO","og_type":"article","og_title":"Stryhn's dansk grov postei","og_description":"Stryhn\u2019s dansk grov leverpostei er den norske varianten av Danmarks desidert mestselgende leverpostei. En grov og smaksrik leverpostei bygget p\u00e5&hellip;","og_url":"https:\/\/mills.no\/stryhns\/produkt\/stryhns-dansk-grov-postei\/","og_site_name":"Stryhn&#039;s","article_modified_time":"2024-05-13T08:27:14+00:00","og_image":[{"url":"https:\/\/mills.no\/content\/uploads\/2016\/03\/stryhns-grov.png","type":"","width":"","height":""}],"twitter_card":"summary_large_image","schema":{"@context":"https:\/\/schema.org","@graph":[{"@type":"WebPage","@id":"https:\/\/mills.no\/stryhns\/produkt\/stryhns-dansk-grov-postei\/","url":"https:\/\/mills.no\/stryhns\/produkt\/stryhns-dansk-grov-postei\/","name":"Stryhn's dansk grov postei - Stryhn&#039;s","isPartOf":{"@id":"https:\/\/mills.no\/stryhns\/#website"},"primaryImageOfPage":{"@id":"https:\/\/mills.no\/stryhns\/produkt\/stryhns-dansk-grov-postei\/#primaryimage"},"image":{"@id":"https:\/\/mills.no\/stryhns\/produkt\/stryhns-dansk-grov-postei\/#primaryimage"},"thumbnailUrl":"https:\/\/mills.no\/content\/uploads\/2016\/03\/stryhns-grov.png","datePublished":"2016-03-11T13:31:05+00:00","dateModified":"2024-05-13T08:27:14+00:00","breadcrumb":{"@id":"https:\/\/mills.no\/stryhns\/produkt\/stryhns-dansk-grov-postei\/#breadcrumb"},"inLanguage":"nb-NO","potentialAction":[{"@type":"ReadAction","target":["https:\/\/mills.no\/stryhns\/produkt\/stryhns-dansk-grov-postei\/"]}]},{"@type":"ImageObject","inLanguage":"nb-NO","@id":"https:\/\/mills.no\/stryhns\/produkt\/stryhns-dansk-grov-postei\/#primaryimage","url":"https:\/\/mills.no\/content\/uploads\/2016\/03\/stryhns-grov.png","contentUrl":"https:\/\/mills.no\/content\/uploads\/2016\/03\/stryhns-grov.png"},{"@type":"BreadcrumbList","@id":"https:\/\/mills.no\/stryhns\/produkt\/stryhns-dansk-grov-postei\/#breadcrumb","itemListElement":[{"@type":"ListItem","position":1,"name":"Home","item":"https:\/\/mills.no\/stryhns\/"},{"@type":"ListItem","position":2,"name":"Produkter","item":"https:\/\/mills.no\/stryhns\/produkter\/"},{"@type":"ListItem","position":3,"name":"Stryhn&#8217;s dansk grov postei"}]},{"@type":"WebSite","@id":"https:\/\/mills.no\/stryhns\/#website","url":"https:\/\/mills.no\/stryhns\/","name":"Stryhn&#039;s","description":"Grov dansk leverpostei","publisher":{"@id":"https:\/\/mills.no\/stryhns\/#organization"},"potentialAction":[{"@type":"SearchAction","target":{"@type":"EntryPoint","urlTemplate":"https:\/\/mills.no\/stryhns\/?s={search_term_string}"},"query-input":{"@type":"PropertyValueSpecification","valueRequired":true,"valueName":"search_term_string"}}],"inLanguage":"nb-NO"},{"@type":"Organization","@id":"https:\/\/mills.no\/stryhns\/#organization","name":"Stryhn&#039;s","url":"https:\/\/mills.no\/stryhns\/","logo":{"@type":"ImageObject","inLanguage":"nb-NO","@id":"https:\/\/mills.no\/stryhns\/#\/schema\/logo\/image\/","url":"https:\/\/mills.no\/content\/uploads\/sites\/9\/2021\/11\/logo-stryhns.svg","contentUrl":"https:\/\/mills.no\/content\/uploads\/sites\/9\/2021\/11\/logo-stryhns.svg","caption":"Stryhn&#039;s"},"image":{"@id":"https:\/\/mills.no\/stryhns\/#\/schema\/logo\/image\/"}}]}},"_links":{"self":[{"href":"https:\/\/mills.no\/stryhns\/wp-json\/wp\/v2\/product\/32997","targetHints":{"allow":["GET"]}}],"collection":[{"href":"https:\/\/mills.no\/stryhns\/wp-json\/wp\/v2\/product"}],"about":[{"href":"https:\/\/mills.no\/stryhns\/wp-json\/wp\/v2\/types\/product"}],"version-history":[{"count":0,"href":"https:\/\/mills.no\/stryhns\/wp-json\/wp\/v2\/product\/32997\/revisions"}],"wp:attachment":[{"href":"https:\/\/mills.no\/stryhns\/wp-json\/wp\/v2\/media?parent=32997"}],"wp:term":[{"taxonomy":"brand","embeddable":true,"href":"https:\/\/mills.no\/stryhns\/wp-json\/wp\/v2\/brand?post=32997"},{"taxonomy":"allergen","embeddable":true,"href":"https:\/\/mills.no\/stryhns\/wp-json\/wp\/v2\/allergen?post=32997"},{"taxonomy":"product_category","embeddable":true,"href":"https:\/\/mills.no\/stryhns\/wp-json\/wp\/v2\/product_category?post=32997"},{"taxonomy":"product_label","embeddable":true,"href":"https:\/\/mills.no\/stryhns\/wp-json\/wp\/v2\/product_label?post=32997"}],"curies":[{"name":"wp","href":"https:\/\/api.w.org\/{rel}","templated":true}]}}