{"id":725,"date":"2016-03-11T11:57:20","date_gmt":"2016-03-11T10:57:20","guid":{"rendered":"https:\/\/mills.no\/vita-hjertego\/vita-hjertego-proaktiv\/"},"modified":"2024-02-07T09:16:13","modified_gmt":"2024-02-07T08:16:13","slug":"proaktiv","status":"publish","type":"page","link":"https:\/\/mills.no\/vita-hjertego\/proaktiv\/","title":{"rendered":"Vita hjertego&#8217; Proaktiv"},"content":{"rendered":"<div class=\"mills-block-featured alignwide alignwide wp-block-mills-block-featured\"><img loading=\"lazy\" decoding=\"async\" width=\"1600\" height=\"1049\" style=\"width:100%;height:100%;object-fit:cover\" src=\"https:\/\/mills.no\/content\/uploads\/sites\/5\/2016\/03\/Pro-aktiv-header.jpg\" class=\"wp-block-cover__image-background\" alt=\"Vita hjertego&#039; proaktiv omgitt av gr\u00f8nnsaker og fisk\" srcset=\"https:\/\/mills.no\/content\/uploads\/sites\/5\/2016\/03\/Pro-aktiv-header.jpg 1600w, https:\/\/mills.no\/content\/uploads\/sites\/5\/2016\/03\/Pro-aktiv-header-300x197.jpg 300w, https:\/\/mills.no\/content\/uploads\/sites\/5\/2016\/03\/Pro-aktiv-header-1024x671.jpg 1024w, https:\/\/mills.no\/content\/uploads\/sites\/5\/2016\/03\/Pro-aktiv-header-768x504.jpg 768w, https:\/\/mills.no\/content\/uploads\/sites\/5\/2016\/03\/Pro-aktiv-header-1536x1007.jpg 1536w, https:\/\/mills.no\/content\/uploads\/sites\/5\/2016\/03\/Pro-aktiv-header-80x52.jpg 80w\" sizes=\"auto, (max-width: 1600px) 100vw, 1600px\" \/><div class=\"wp-block-cover__inner-container\">\n<h1 class=\"has-text-align-center wp-block-post-title has-text-color has-neutral-1000-color\">Vita hjertego&#8217; Proaktiv<\/h1>\n\n<p class=\"t2-ingress has-text-align-center align wp-block-t2-ingress\">Vita hjertego&#8217;  Proaktiv er en lettmargarin for deg som \u00f8nsker \u00e5 redusere kolesterolet for en mer hjertevennlig hverdag.  Den har dokumentert effekt og virker positivt p\u00e5 hjertehelsen. \n<\/p>\n<\/div><\/div>\n\n\n<div class=\"wp-block-media-text alignwide is-stacked-on-mobile is-image-fill has-neutral-1000-color has-neutral-0-background-color has-text-color has-background\"><figure class=\"wp-block-media-text__media\" style=\"background-image:url(https:\/\/mills.no\/content\/uploads\/sites\/5\/2022\/01\/mills_matpakke_003.jpg);background-position:50% 50%\"><img loading=\"lazy\" decoding=\"async\" width=\"1600\" height=\"1067\" src=\"https:\/\/mills.no\/content\/uploads\/sites\/5\/2022\/01\/mills_matpakke_003.jpg\" alt=\"\" class=\"wp-image-970 size-full\" srcset=\"https:\/\/mills.no\/content\/uploads\/sites\/5\/2022\/01\/mills_matpakke_003.jpg 1600w, https:\/\/mills.no\/content\/uploads\/sites\/5\/2022\/01\/mills_matpakke_003-300x200.jpg 300w, https:\/\/mills.no\/content\/uploads\/sites\/5\/2022\/01\/mills_matpakke_003-1024x683.jpg 1024w, https:\/\/mills.no\/content\/uploads\/sites\/5\/2022\/01\/mills_matpakke_003-768x512.jpg 768w, https:\/\/mills.no\/content\/uploads\/sites\/5\/2022\/01\/mills_matpakke_003-1536x1024.jpg 1536w, https:\/\/mills.no\/content\/uploads\/sites\/5\/2022\/01\/mills_matpakke_003-80x53.jpg 80w\" sizes=\"auto, (max-width: 1600px) 100vw, 1600px\" \/><\/figure><div class=\"wp-block-media-text__content\">\n<h2 class=\"wp-block-heading\" id=\"h-med-proaktiv-kan-du-redusere-kolesterolet-med-7-10-i-lopet-av-2-3-uker\">Med Proaktiv kan du redusere kolesterolet med 7-10 % i l\u00f8pet av 2-3 uker!<\/h2>\n\n\n\n<div class=\"wp-block-group is-layout-flow wp-block-group-is-layout-flow\">\n<p class=\"has-text-align-left\">H\u00f8yt kolesterol er en risikofaktor for utvikling av for hjerte- og karsykdom. Proaktiv er laget av raps- og solsikkeolje og er tilsatt naturlige <a href=\"https:\/\/mills.no\/vita-hjertego\/?post_type=post&amp;p=715\">plantesteroler<\/a>. Plantesterolene hindrer kolesterolet \u00e5 g\u00e5 fra tarmen til blodet og reduserer derfor kolesterolet.<\/p>\n\n\n\n<p class=\"has-text-align-left\">Studier har dokumentert at Proaktiv kan redusere kolesterolet med 7-10 % p\u00e5 2-3 uker, forutsatt at man spiser 1,5-2,4 gram plantesteroler daglig. 25 gram Vita hjertego\u2019 Proaktiv tilsvarer 2 gram plantesteroler.<\/p>\n<\/div>\n<\/div><\/div>\n\n\n\n<div class=\"wp-block-media-text alignwide has-media-on-the-right is-stacked-on-mobile is-image-fill has-neutral-1000-color has-neutral-0-background-color has-text-color has-background\"><figure class=\"wp-block-media-text__media\" style=\"background-image:url(https:\/\/mills.no\/content\/uploads\/sites\/5\/2022\/01\/3-4-brodskiver.png);background-position:50% 50%\"><img loading=\"lazy\" decoding=\"async\" width=\"1920\" height=\"1080\" src=\"https:\/\/mills.no\/content\/uploads\/sites\/5\/2022\/01\/3-4-brodskiver.png\" alt=\"\" class=\"wp-image-971 size-full\" srcset=\"https:\/\/mills.no\/content\/uploads\/sites\/5\/2022\/01\/3-4-brodskiver.png 1920w, https:\/\/mills.no\/content\/uploads\/sites\/5\/2022\/01\/3-4-brodskiver-300x169.png 300w, https:\/\/mills.no\/content\/uploads\/sites\/5\/2022\/01\/3-4-brodskiver-1024x576.png 1024w, https:\/\/mills.no\/content\/uploads\/sites\/5\/2022\/01\/3-4-brodskiver-768x432.png 768w, https:\/\/mills.no\/content\/uploads\/sites\/5\/2022\/01\/3-4-brodskiver-1536x864.png 1536w, https:\/\/mills.no\/content\/uploads\/sites\/5\/2022\/01\/3-4-brodskiver-80x45.png 80w\" sizes=\"auto, (max-width: 1920px) 100vw, 1920px\" \/><\/figure><div class=\"wp-block-media-text__content\">\n<div class=\"wp-block-group is-layout-flow wp-block-group-is-layout-flow\">\n<p class=\"has-text-align-left\">For \u00e5 oppn\u00e5 effekt m\u00e5 man spise <strong>25 gram Vita hjertego\u2019 Proaktiv<\/strong> om dagen. Det tilsvarer 3-4 br\u00f8dskiver eller knekkebr\u00f8d. Du kan ogs\u00e5 ha Proaktiv p\u00e5 havregr\u00f8t eller over kokte poteter, gr\u00f8nnsaker eller laks.<\/p>\n\n\n\n<p class=\"has-text-align-left\"><em>NB: Den kolesterolreduserende effekten forsvinner ved h\u00f8y varme. Vita hjertego\u2019 Proaktiv passer derfor ikke til steking og baking.<\/em><\/p>\n<\/div>\n<\/div><\/div>\n\n\n\n\t\t<div class=\"has-background has-secondary-background-color is-style-vertical-spacing is-style-horizontal-spacing alignwide wp-block-mills-section has-background has-secondary-background-color\">\n\t\t\t<div class=\"wp-block-mills-section__inner aligncenter\">\n\t\t\t\t\n\n<h2 class=\"has-text-align-center wp-block-heading\" id=\"h-vit-at\">Vit at<\/h2>\n\n\n\n<div class=\"wp-block-group alignfull card-info is-layout-flow wp-block-group-is-layout-flow\">\n<p class=\"has-text-align-left\">Proaktiv er beregnet for mennesker som beh\u00f8ver \u00e5 regulere kolesterolniv\u00e5et sitt.<\/p>\n\n\n\n<p class=\"has-text-align-left\">Reduksjonen p\u00e5 7-10% er gjennomsnittlig, og gjelder LDL-kolesterolet (det d\u00e5rlige kolesterolet). Mennesker er genetisk forskjellige, og muligheten er derfor tilstede for at noen ikke oppn\u00e5r \u00f8nsket effekt.<\/p>\n\n\n\n<p class=\"has-text-align-left\">Proaktiv b\u00f8r brukes som en del av en sunn livsstil og et balansert hjertevennlig kosthold, som blant annet best\u00e5r av regelmessig inntak av frukt og gr\u00f8nnsaker. Personer som bruker kolesterolreduserende medisin b\u00f8r bruke Proaktiv i samr\u00e5d med lege.<\/p>\n\n\n\n<p class=\"has-text-align-left\">Proaktiv kan ut fra ern\u00e6ringsmessige hensyn v\u00e6re mindre egnet for gravide, ammende og barn under fem \u00e5r.<\/p>\n\n\n\n<p class=\"has-text-align-left\">&nbsp;<\/p>\n\n\n\n<p class=\"has-text-align-left\">&nbsp;<\/p>\n<\/div>\n\n\n\t\t\t<\/div>\n\t\t<\/div>\n\n\n<div class=\"wp-block-media-text alignwide is-stacked-on-mobile is-image-fill has-neutral-1000-color has-neutral-0-background-color has-text-color has-background\"><figure class=\"wp-block-media-text__media\" style=\"background-image:url(https:\/\/mills.no\/content\/uploads\/sites\/5\/2022\/01\/KolesterolmE2949CC391ler.jpg);background-position:50% 50%\"><img loading=\"lazy\" decoding=\"async\" width=\"1600\" height=\"900\" src=\"https:\/\/mills.no\/content\/uploads\/sites\/5\/2022\/01\/KolesterolmE2949CC391ler.jpg\" alt=\"\" class=\"wp-image-752 size-full\" srcset=\"https:\/\/mills.no\/content\/uploads\/sites\/5\/2022\/01\/KolesterolmE2949CC391ler.jpg 1600w, https:\/\/mills.no\/content\/uploads\/sites\/5\/2022\/01\/KolesterolmE2949CC391ler-300x169.jpg 300w, https:\/\/mills.no\/content\/uploads\/sites\/5\/2022\/01\/KolesterolmE2949CC391ler-1024x576.jpg 1024w, https:\/\/mills.no\/content\/uploads\/sites\/5\/2022\/01\/KolesterolmE2949CC391ler-768x432.jpg 768w, https:\/\/mills.no\/content\/uploads\/sites\/5\/2022\/01\/KolesterolmE2949CC391ler-1536x864.jpg 1536w, https:\/\/mills.no\/content\/uploads\/sites\/5\/2022\/01\/KolesterolmE2949CC391ler-80x45.jpg 80w\" sizes=\"auto, (max-width: 1600px) 100vw, 1600px\" \/><\/figure><div class=\"wp-block-media-text__content\">\n<h2 class=\"wp-block-heading\" id=\"h-dokumentert-ved-ulleval-universitetssykehus\">Dokumentert ved Ullev\u00e5l universitetssykehus<\/h2>\n\n\n\n<div class=\"wp-block-group is-layout-flow wp-block-group-is-layout-flow\"><p class=\"t2-ingress wp-block-t2-ingress\">Det er gjennomf\u00f8rt en stor koststudie ved Ullev\u00e5l Universitetssykehus for \u00e5 teste effekten av Proaktiv margarin.n<\/p>\n\n\n<p class=\"has-text-align-left\">Studien inkluderte 60 personer med litt h\u00f8yere kolesterolniv\u00e5 enn anbefalt, og ble ledet av professor i ern\u00e6ring dr.med. Serena Tonstad. Fors\u00f8kspersonene spiste 25 gram Proaktiv margarin hver dag i fire uker. Dette reduserte gjennomsnittlig totalkolesterol med 10 % og LDL-kolesterol med 15 % sammenlignet med niv\u00e5et de hadde f\u00f8r studien.<\/p>\n\n\n\n<p class=\"has-text-align-left\">Studien er publisert her:<a href=\"http:\/\/www.ncbi.nlm.nih.gov\/pubmed\/19748247\"> Heggen, Eli, et.al. (2010) Plant sterols from rapeseed and tall oils: effects on lipids, fat-soluble vitamins and plant sterol concentrations. <\/a> <em>(Ekstern linke \u2013 kun oppsummering er tilgjengelig uten abonnement.)<\/em><\/p>\n\n\n\n<p class=\"has-text-align-left\">Det er ogs\u00e5 utf\u00f8rt en rekke internasjonale vitenskapelige studier med plantesteroler. En analyse av 41 slike studier, viser en gjennomsnittlig kolesterolreduksjon p\u00e5 10 %.<\/p>\n<\/div>\n<\/div><\/div>\n\n\n\n<div class=\"wp-block-media-text alignwide is-stacked-on-mobile is-image-fill has-neutral-1000-color has-primary-light-background-color has-text-color has-background\"><figure class=\"wp-block-media-text__media\" style=\"background-image:url(https:\/\/mills.no\/content\/uploads\/sites\/5\/2016\/03\/furu-rikpC3A5plantesteroler.jpg);background-position:50% 50%\"><img loading=\"lazy\" decoding=\"async\" width=\"1920\" height=\"930\" src=\"https:\/\/mills.no\/content\/uploads\/sites\/5\/2016\/03\/furu-rikpC3A5plantesteroler.jpg\" alt=\"\" class=\"wp-image-716 size-full\" srcset=\"https:\/\/mills.no\/content\/uploads\/sites\/5\/2016\/03\/furu-rikpC3A5plantesteroler.jpg 1920w, https:\/\/mills.no\/content\/uploads\/sites\/5\/2016\/03\/furu-rikpC3A5plantesteroler-300x145.jpg 300w, https:\/\/mills.no\/content\/uploads\/sites\/5\/2016\/03\/furu-rikpC3A5plantesteroler-1024x496.jpg 1024w, https:\/\/mills.no\/content\/uploads\/sites\/5\/2016\/03\/furu-rikpC3A5plantesteroler-768x372.jpg 768w, https:\/\/mills.no\/content\/uploads\/sites\/5\/2016\/03\/furu-rikpC3A5plantesteroler-1536x744.jpg 1536w, https:\/\/mills.no\/content\/uploads\/sites\/5\/2016\/03\/furu-rikpC3A5plantesteroler-80x39.jpg 80w\" sizes=\"auto, (max-width: 1920px) 100vw, 1920px\" \/><\/figure><div class=\"wp-block-media-text__content\">\n<div class=\"wp-block-group is-layout-flow wp-block-group-is-layout-flow\">\n<h2 class=\"wp-block-heading\" id=\"h-hva-er-plantesteroler\">Hva er plantesteroler?<\/h2>\n\n\n\n<p class=\"has-text-align-left\">Plantesteroler er plantenes eget kolesterol, og er i stand til \u00e5 redusere v\u00e5rt kolesterol.<\/p>\n\n\n\n<div class=\"wp-block-button\"><a class=\"wp-block-button__link\" href=\"https:\/\/mills.no\/vita-hjertego\/?post_type=post&amp;p=715\">Les mer om plantesteroler<\/a><\/div>\n<\/div>\n<\/div><\/div>\n","protected":false},"excerpt":{"rendered":"<p>Vita hjertego&#8217; Proaktiv er en lettmargarin for deg som \u00f8nsker \u00e5 redusere kolesterolet for en mer hjertevennlig hverdag. Den har&hellip;<\/p>\n","protected":false},"author":1,"featured_media":726,"parent":0,"menu_order":5,"comment_status":"closed","ping_status":"closed","template":"","meta":{"_searchwp_excluded":"","hide_post_title":false,"footnotes":""},"class_list":["post-725","page","type-page","status-publish","has-post-thumbnail","hentry"],"yoast_head":"<!-- This site is optimized with the Yoast SEO Premium plugin v26.9 (Yoast SEO v26.9) - https:\/\/yoast.com\/product\/yoast-seo-premium-wordpress\/ -->\n<title>Vita hjertego&#039; Proaktiv - For deg som vil redusere kolesterolet<\/title>\n<meta name=\"description\" content=\"Med Proaktiv kan du redusere kolesterolet med 7-10 % i l\u00f8pet av 2-3 uker! Proaktiv er laget av raps- og solsikkeolje og er tilsatt naturlige plantesteroler.\" \/>\n<meta name=\"robots\" content=\"index, follow, max-snippet:-1, max-image-preview:large, max-video-preview:-1\" \/>\n<link rel=\"canonical\" href=\"https:\/\/mills.no\/vita-hjertego\/proaktiv\/\" \/>\n<meta property=\"og:locale\" content=\"nb_NO\" \/>\n<meta property=\"og:type\" content=\"article\" \/>\n<meta property=\"og:title\" content=\"Slik virker det\" \/>\n<meta property=\"og:description\" content=\"Vita hjertego&#039; Proaktiv er laget med plantesteroler og har dokumentert effekt\" \/>\n<meta property=\"og:url\" content=\"https:\/\/mills.no\/vita-hjertego\/proaktiv\/\" \/>\n<meta property=\"og:site_name\" content=\"Vita Hjertego&#039;\" \/>\n<meta property=\"article:modified_time\" content=\"2024-02-07T08:16:13+00:00\" \/>\n<meta property=\"og:image\" content=\"https:\/\/mills.no\/content\/uploads\/sites\/5\/2016\/03\/Pro-aktiv-header.jpg\" \/>\n\t<meta property=\"og:image:width\" content=\"1600\" \/>\n\t<meta property=\"og:image:height\" content=\"1049\" \/>\n\t<meta property=\"og:image:type\" content=\"image\/jpeg\" \/>\n<meta name=\"twitter:card\" content=\"summary_large_image\" \/>\n<meta name=\"twitter:title\" content=\"Vita hjertego&#039; Proaktiv\" \/>\n<meta name=\"twitter:label1\" content=\"Ansl. lesetid\" \/>\n\t<meta name=\"twitter:data1\" content=\"3 minutter\" \/>\n<script type=\"application\/ld+json\" class=\"yoast-schema-graph\">{\"@context\":\"https:\/\/schema.org\",\"@graph\":[{\"@type\":\"WebPage\",\"@id\":\"https:\/\/mills.no\/vita-hjertego\/proaktiv\/\",\"url\":\"https:\/\/mills.no\/vita-hjertego\/proaktiv\/\",\"name\":\"Vita hjertego' Proaktiv - For deg som vil redusere kolesterolet\",\"isPartOf\":{\"@id\":\"https:\/\/mills.no\/vita-hjertego\/#website\"},\"primaryImageOfPage\":{\"@id\":\"https:\/\/mills.no\/vita-hjertego\/proaktiv\/#primaryimage\"},\"image\":{\"@id\":\"https:\/\/mills.no\/vita-hjertego\/proaktiv\/#primaryimage\"},\"thumbnailUrl\":\"https:\/\/mills.no\/content\/uploads\/sites\/5\/2016\/03\/Pro-aktiv-header.jpg\",\"datePublished\":\"2016-03-11T10:57:20+00:00\",\"dateModified\":\"2024-02-07T08:16:13+00:00\",\"description\":\"Med Proaktiv kan du redusere kolesterolet med 7-10 % i l\u00f8pet av 2-3 uker! Proaktiv er laget av raps- og solsikkeolje og er tilsatt naturlige plantesteroler.\",\"breadcrumb\":{\"@id\":\"https:\/\/mills.no\/vita-hjertego\/proaktiv\/#breadcrumb\"},\"inLanguage\":\"nb-NO\",\"potentialAction\":[{\"@type\":\"ReadAction\",\"target\":[\"https:\/\/mills.no\/vita-hjertego\/proaktiv\/\"]}]},{\"@type\":\"ImageObject\",\"inLanguage\":\"nb-NO\",\"@id\":\"https:\/\/mills.no\/vita-hjertego\/proaktiv\/#primaryimage\",\"url\":\"https:\/\/mills.no\/content\/uploads\/sites\/5\/2016\/03\/Pro-aktiv-header.jpg\",\"contentUrl\":\"https:\/\/mills.no\/content\/uploads\/sites\/5\/2016\/03\/Pro-aktiv-header.jpg\",\"width\":1600,\"height\":1049,\"caption\":\"Vita hjertego' proaktiv omgitt av gr\u00f8nnsaker og fisk\"},{\"@type\":\"BreadcrumbList\",\"@id\":\"https:\/\/mills.no\/vita-hjertego\/proaktiv\/#breadcrumb\",\"itemListElement\":[{\"@type\":\"ListItem\",\"position\":1,\"name\":\"Hjem\",\"item\":\"https:\/\/mills.no\/vita-hjertego\/\"},{\"@type\":\"ListItem\",\"position\":2,\"name\":\"Vita hjertego&#8217; Proaktiv\"}]},{\"@type\":\"WebSite\",\"@id\":\"https:\/\/mills.no\/vita-hjertego\/#website\",\"url\":\"https:\/\/mills.no\/vita-hjertego\/\",\"name\":\"Vita Hjertego&#039;\",\"description\":\"Det er ikke ett fett hva du spiser\",\"publisher\":{\"@id\":\"https:\/\/mills.no\/vita-hjertego\/#organization\"},\"potentialAction\":[{\"@type\":\"SearchAction\",\"target\":{\"@type\":\"EntryPoint\",\"urlTemplate\":\"https:\/\/mills.no\/vita-hjertego\/?s={search_term_string}\"},\"query-input\":{\"@type\":\"PropertyValueSpecification\",\"valueRequired\":true,\"valueName\":\"search_term_string\"}}],\"inLanguage\":\"nb-NO\"},{\"@type\":\"Organization\",\"@id\":\"https:\/\/mills.no\/vita-hjertego\/#organization\",\"name\":\"Vita Hjertego&#039;\",\"url\":\"https:\/\/mills.no\/vita-hjertego\/\",\"logo\":{\"@type\":\"ImageObject\",\"inLanguage\":\"nb-NO\",\"@id\":\"https:\/\/mills.no\/vita-hjertego\/#\/schema\/logo\/image\/\",\"url\":\"https:\/\/mills.no\/content\/uploads\/sites\/5\/2024\/12\/logo-vita-ny.svg\",\"contentUrl\":\"https:\/\/mills.no\/content\/uploads\/sites\/5\/2024\/12\/logo-vita-ny.svg\",\"caption\":\"Vita Hjertego&#039;\"},\"image\":{\"@id\":\"https:\/\/mills.no\/vita-hjertego\/#\/schema\/logo\/image\/\"}}]}<\/script>\n<!-- \/ Yoast SEO Premium plugin. -->","yoast_head_json":{"title":"Vita hjertego' Proaktiv - For deg som vil redusere kolesterolet","description":"Med Proaktiv kan du redusere kolesterolet med 7-10 % i l\u00f8pet av 2-3 uker! Proaktiv er laget av raps- og solsikkeolje og er tilsatt naturlige plantesteroler.","robots":{"index":"index","follow":"follow","max-snippet":"max-snippet:-1","max-image-preview":"max-image-preview:large","max-video-preview":"max-video-preview:-1"},"canonical":"https:\/\/mills.no\/vita-hjertego\/proaktiv\/","og_locale":"nb_NO","og_type":"article","og_title":"Slik virker det","og_description":"Vita hjertego' Proaktiv er laget med plantesteroler og har dokumentert effekt","og_url":"https:\/\/mills.no\/vita-hjertego\/proaktiv\/","og_site_name":"Vita Hjertego&#039;","article_modified_time":"2024-02-07T08:16:13+00:00","og_image":[{"width":1600,"height":1049,"url":"https:\/\/mills.no\/content\/uploads\/sites\/5\/2016\/03\/Pro-aktiv-header.jpg","type":"image\/jpeg"}],"twitter_card":"summary_large_image","twitter_title":"Vita hjertego' Proaktiv","twitter_misc":{"Ansl. lesetid":"3 minutter"},"schema":{"@context":"https:\/\/schema.org","@graph":[{"@type":"WebPage","@id":"https:\/\/mills.no\/vita-hjertego\/proaktiv\/","url":"https:\/\/mills.no\/vita-hjertego\/proaktiv\/","name":"Vita hjertego' Proaktiv - For deg som vil redusere kolesterolet","isPartOf":{"@id":"https:\/\/mills.no\/vita-hjertego\/#website"},"primaryImageOfPage":{"@id":"https:\/\/mills.no\/vita-hjertego\/proaktiv\/#primaryimage"},"image":{"@id":"https:\/\/mills.no\/vita-hjertego\/proaktiv\/#primaryimage"},"thumbnailUrl":"https:\/\/mills.no\/content\/uploads\/sites\/5\/2016\/03\/Pro-aktiv-header.jpg","datePublished":"2016-03-11T10:57:20+00:00","dateModified":"2024-02-07T08:16:13+00:00","description":"Med Proaktiv kan du redusere kolesterolet med 7-10 % i l\u00f8pet av 2-3 uker! Proaktiv er laget av raps- og solsikkeolje og er tilsatt naturlige plantesteroler.","breadcrumb":{"@id":"https:\/\/mills.no\/vita-hjertego\/proaktiv\/#breadcrumb"},"inLanguage":"nb-NO","potentialAction":[{"@type":"ReadAction","target":["https:\/\/mills.no\/vita-hjertego\/proaktiv\/"]}]},{"@type":"ImageObject","inLanguage":"nb-NO","@id":"https:\/\/mills.no\/vita-hjertego\/proaktiv\/#primaryimage","url":"https:\/\/mills.no\/content\/uploads\/sites\/5\/2016\/03\/Pro-aktiv-header.jpg","contentUrl":"https:\/\/mills.no\/content\/uploads\/sites\/5\/2016\/03\/Pro-aktiv-header.jpg","width":1600,"height":1049,"caption":"Vita hjertego' proaktiv omgitt av gr\u00f8nnsaker og fisk"},{"@type":"BreadcrumbList","@id":"https:\/\/mills.no\/vita-hjertego\/proaktiv\/#breadcrumb","itemListElement":[{"@type":"ListItem","position":1,"name":"Hjem","item":"https:\/\/mills.no\/vita-hjertego\/"},{"@type":"ListItem","position":2,"name":"Vita hjertego&#8217; Proaktiv"}]},{"@type":"WebSite","@id":"https:\/\/mills.no\/vita-hjertego\/#website","url":"https:\/\/mills.no\/vita-hjertego\/","name":"Vita Hjertego&#039;","description":"Det er ikke ett fett hva du spiser","publisher":{"@id":"https:\/\/mills.no\/vita-hjertego\/#organization"},"potentialAction":[{"@type":"SearchAction","target":{"@type":"EntryPoint","urlTemplate":"https:\/\/mills.no\/vita-hjertego\/?s={search_term_string}"},"query-input":{"@type":"PropertyValueSpecification","valueRequired":true,"valueName":"search_term_string"}}],"inLanguage":"nb-NO"},{"@type":"Organization","@id":"https:\/\/mills.no\/vita-hjertego\/#organization","name":"Vita Hjertego&#039;","url":"https:\/\/mills.no\/vita-hjertego\/","logo":{"@type":"ImageObject","inLanguage":"nb-NO","@id":"https:\/\/mills.no\/vita-hjertego\/#\/schema\/logo\/image\/","url":"https:\/\/mills.no\/content\/uploads\/sites\/5\/2024\/12\/logo-vita-ny.svg","contentUrl":"https:\/\/mills.no\/content\/uploads\/sites\/5\/2024\/12\/logo-vita-ny.svg","caption":"Vita Hjertego&#039;"},"image":{"@id":"https:\/\/mills.no\/vita-hjertego\/#\/schema\/logo\/image\/"}}]}},"_links":{"self":[{"href":"https:\/\/mills.no\/vita-hjertego\/wp-json\/wp\/v2\/pages\/725","targetHints":{"allow":["GET"]}}],"collection":[{"href":"https:\/\/mills.no\/vita-hjertego\/wp-json\/wp\/v2\/pages"}],"about":[{"href":"https:\/\/mills.no\/vita-hjertego\/wp-json\/wp\/v2\/types\/page"}],"author":[{"embeddable":true,"href":"https:\/\/mills.no\/vita-hjertego\/wp-json\/wp\/v2\/users\/1"}],"replies":[{"embeddable":true,"href":"https:\/\/mills.no\/vita-hjertego\/wp-json\/wp\/v2\/comments?post=725"}],"version-history":[{"count":14,"href":"https:\/\/mills.no\/vita-hjertego\/wp-json\/wp\/v2\/pages\/725\/revisions"}],"predecessor-version":[{"id":1763,"href":"https:\/\/mills.no\/vita-hjertego\/wp-json\/wp\/v2\/pages\/725\/revisions\/1763"}],"wp:featuredmedia":[{"embeddable":true,"href":"https:\/\/mills.no\/vita-hjertego\/wp-json\/wp\/v2\/media\/726"}],"wp:attachment":[{"href":"https:\/\/mills.no\/vita-hjertego\/wp-json\/wp\/v2\/media?parent=725"}],"curies":[{"name":"wp","href":"https:\/\/api.w.org\/{rel}","templated":true}]}}