{"id":32953,"date":"2019-09-06T10:03:56","date_gmt":"2019-09-06T08:03:56","guid":{"rendered":"https:\/\/mills.no\/produkt\/vita-hjertego-gronnsakspostei\/"},"modified":"2025-11-05T12:03:03","modified_gmt":"2025-11-05T11:03:03","slug":"gronnsakspostei","status":"publish","type":"product","link":"https:\/\/mills.no\/vita-hjertego\/produkt\/gronnsakspostei\/","title":{"rendered":"Vita hjertego&#8217; Gr\u00f8nnsakspostei"},"content":{"rendered":"<div class=\"mills-block-featured alignwide alignwide wp-block-mills-block-featured\"><div class=\"wp-block-cover__inner-container\">\n<h1 class=\"has-text-align-center wp-block-post-title has-text-color has-neutral-1000-color\">Vita hjertego&#8217; Gr\u00f8nnsakspostei<\/h1>\n\n<p class=\"t2-ingress has-text-align-center align wp-block-t2-ingress\">Vita hjertego&#8217; Gr\u00f8nnsakspostei er laget med kikerter, gulrot og brokkoli, og er helt uten kj\u00f8tt. Sammen med gr\u00f8nnsakene finner vi ogs\u00e5 planteoljer fra raps og solsikke, som b\u00e5de bidrar til en saftig postei.\n<\/p>\n<\/div><\/div>\n\n\n\t\t<div class=\"has-background has-neutral-0-background-color is-style-vertical-spacing is-style-horizontal-spacing alignwide wp-block-mills-section has-background has-neutral-0-background-color\">\n\t\t\t<div class=\"wp-block-mills-section__inner aligncenter\">\n\t\t\t\t\n\n<figure class=\"wp-block-image aligncenter size-full\"><img decoding=\"async\" src=\"https:\/\/mills.no\/content\/uploads\/2024\/12\/7036110011165_G1N1_1200px.png\" alt=\"Vita Hjertego' Gr\u00f8nnsakspostei\" class=\"wp-image-42834\"\/><figcaption class=\"wp-element-caption\">Vita hjertego&#8217; gr\u00f8nnsakspostei<\/figcaption><\/figure>\n\n\n\n<p>Gr\u00f8nnsaksposteien inneholder ikke kj\u00f8tt og kan spises av vegetarianere og andre som \u00f8nsker \u00e5 redusere inntaket av kj\u00f8tt. Posteien inneholder melkprotein og er derfor ikke egnet for veganere.<\/p>\n\n\n\t\t\t<\/div>\n\t\t<\/div>\n\n","protected":false},"excerpt":{"rendered":"<p>Vita hjertego&#8217; Gr\u00f8nnsakspostei er laget med kikerter, gulrot og brokkoli, og er helt uten kj\u00f8tt. Sammen med gr\u00f8nnsakene finner vi&hellip;<\/p>\n","protected":false},"featured_media":0,"menu_order":0,"template":"","meta":{"_searchwp_excluded":"","hide_post_title":false,"mills_central_gtin":"","footnotes":""},"brand":[],"allergen":[],"product_category":[],"product_label":[],"class_list":["post-32953","product","type-product","status-publish","hentry"],"yoast_head":"<!-- This site is optimized with the Yoast SEO Premium plugin v26.9 (Yoast SEO v26.9) - https:\/\/yoast.com\/product\/yoast-seo-premium-wordpress\/ -->\n<title>Vita hjertego&#039; Gr\u00f8nnsakspostei - Vita Hjertego&#039;<\/title>\n<meta name=\"robots\" content=\"index, follow, max-snippet:-1, max-image-preview:large, max-video-preview:-1\" \/>\n<link rel=\"canonical\" href=\"https:\/\/mills.no\/vita-hjertego\/produkt\/gronnsakspostei\/\" \/>\n<meta property=\"og:locale\" content=\"nb_NO\" \/>\n<meta property=\"og:type\" content=\"article\" \/>\n<meta property=\"og:title\" content=\"Vita hjertego&#039; Gr\u00f8nnsakspostei\" \/>\n<meta property=\"og:description\" content=\"Vita hjertego&#039; Gr\u00f8nnsakspostei er laget med kikerter, gulrot og brokkoli, og er helt uten kj\u00f8tt. Sammen med gr\u00f8nnsakene finner vi&hellip;\" \/>\n<meta property=\"og:url\" content=\"https:\/\/mills.no\/vita-hjertego\/produkt\/gronnsakspostei\/\" \/>\n<meta property=\"og:site_name\" content=\"Vita Hjertego&#039;\" \/>\n<meta property=\"article:modified_time\" content=\"2025-11-05T11:03:03+00:00\" \/>\n<meta property=\"og:image\" content=\"https:\/\/mills.no\/content\/uploads\/2019\/09\/Vita-hjertego-gronnsakspostei.png\" \/>\n<meta name=\"twitter:card\" content=\"summary_large_image\" \/>\n<script type=\"application\/ld+json\" class=\"yoast-schema-graph\">{\"@context\":\"https:\/\/schema.org\",\"@graph\":[{\"@type\":\"WebPage\",\"@id\":\"https:\/\/mills.no\/vita-hjertego\/produkt\/gronnsakspostei\/\",\"url\":\"https:\/\/mills.no\/vita-hjertego\/produkt\/gronnsakspostei\/\",\"name\":\"Vita hjertego' Gr\u00f8nnsakspostei - Vita Hjertego&#039;\",\"isPartOf\":{\"@id\":\"https:\/\/mills.no\/vita-hjertego\/#website\"},\"primaryImageOfPage\":{\"@id\":\"https:\/\/mills.no\/vita-hjertego\/produkt\/gronnsakspostei\/#primaryimage\"},\"image\":{\"@id\":\"https:\/\/mills.no\/vita-hjertego\/produkt\/gronnsakspostei\/#primaryimage\"},\"thumbnailUrl\":\"https:\/\/mills.no\/content\/uploads\/2024\/12\/7036110011165_G1N1_1200px.png\",\"datePublished\":\"2019-09-06T08:03:56+00:00\",\"dateModified\":\"2025-11-05T11:03:03+00:00\",\"breadcrumb\":{\"@id\":\"https:\/\/mills.no\/vita-hjertego\/produkt\/gronnsakspostei\/#breadcrumb\"},\"inLanguage\":\"nb-NO\",\"potentialAction\":[{\"@type\":\"ReadAction\",\"target\":[\"https:\/\/mills.no\/vita-hjertego\/produkt\/gronnsakspostei\/\"]}]},{\"@type\":\"ImageObject\",\"inLanguage\":\"nb-NO\",\"@id\":\"https:\/\/mills.no\/vita-hjertego\/produkt\/gronnsakspostei\/#primaryimage\",\"url\":\"https:\/\/mills.no\/content\/uploads\/2024\/12\/7036110011165_G1N1_1200px.png\",\"contentUrl\":\"https:\/\/mills.no\/content\/uploads\/2024\/12\/7036110011165_G1N1_1200px.png\"},{\"@type\":\"BreadcrumbList\",\"@id\":\"https:\/\/mills.no\/vita-hjertego\/produkt\/gronnsakspostei\/#breadcrumb\",\"itemListElement\":[{\"@type\":\"ListItem\",\"position\":1,\"name\":\"Hjem\",\"item\":\"https:\/\/mills.no\/vita-hjertego\/\"},{\"@type\":\"ListItem\",\"position\":2,\"name\":\"Produkter\",\"item\":\"https:\/\/mills.no\/vita-hjertego\/produkter\/\"},{\"@type\":\"ListItem\",\"position\":3,\"name\":\"Vita hjertego&#8217; Gr\u00f8nnsakspostei\"}]},{\"@type\":\"WebSite\",\"@id\":\"https:\/\/mills.no\/vita-hjertego\/#website\",\"url\":\"https:\/\/mills.no\/vita-hjertego\/\",\"name\":\"Vita Hjertego&#039;\",\"description\":\"Det er ikke ett fett hva du spiser\",\"publisher\":{\"@id\":\"https:\/\/mills.no\/vita-hjertego\/#organization\"},\"potentialAction\":[{\"@type\":\"SearchAction\",\"target\":{\"@type\":\"EntryPoint\",\"urlTemplate\":\"https:\/\/mills.no\/vita-hjertego\/?s={search_term_string}\"},\"query-input\":{\"@type\":\"PropertyValueSpecification\",\"valueRequired\":true,\"valueName\":\"search_term_string\"}}],\"inLanguage\":\"nb-NO\"},{\"@type\":\"Organization\",\"@id\":\"https:\/\/mills.no\/vita-hjertego\/#organization\",\"name\":\"Vita Hjertego&#039;\",\"url\":\"https:\/\/mills.no\/vita-hjertego\/\",\"logo\":{\"@type\":\"ImageObject\",\"inLanguage\":\"nb-NO\",\"@id\":\"https:\/\/mills.no\/vita-hjertego\/#\/schema\/logo\/image\/\",\"url\":\"https:\/\/mills.no\/content\/uploads\/sites\/5\/2024\/12\/logo-vita-ny.svg\",\"contentUrl\":\"https:\/\/mills.no\/content\/uploads\/sites\/5\/2024\/12\/logo-vita-ny.svg\",\"caption\":\"Vita Hjertego&#039;\"},\"image\":{\"@id\":\"https:\/\/mills.no\/vita-hjertego\/#\/schema\/logo\/image\/\"}}]}<\/script>\n<!-- \/ Yoast SEO Premium plugin. -->","yoast_head_json":{"title":"Vita hjertego' Gr\u00f8nnsakspostei - Vita Hjertego&#039;","robots":{"index":"index","follow":"follow","max-snippet":"max-snippet:-1","max-image-preview":"max-image-preview:large","max-video-preview":"max-video-preview:-1"},"canonical":"https:\/\/mills.no\/vita-hjertego\/produkt\/gronnsakspostei\/","og_locale":"nb_NO","og_type":"article","og_title":"Vita hjertego' Gr\u00f8nnsakspostei","og_description":"Vita hjertego' Gr\u00f8nnsakspostei er laget med kikerter, gulrot og brokkoli, og er helt uten kj\u00f8tt. Sammen med gr\u00f8nnsakene finner vi&hellip;","og_url":"https:\/\/mills.no\/vita-hjertego\/produkt\/gronnsakspostei\/","og_site_name":"Vita Hjertego&#039;","article_modified_time":"2025-11-05T11:03:03+00:00","og_image":[{"url":"https:\/\/mills.no\/content\/uploads\/2019\/09\/Vita-hjertego-gronnsakspostei.png","type":"","width":"","height":""}],"twitter_card":"summary_large_image","schema":{"@context":"https:\/\/schema.org","@graph":[{"@type":"WebPage","@id":"https:\/\/mills.no\/vita-hjertego\/produkt\/gronnsakspostei\/","url":"https:\/\/mills.no\/vita-hjertego\/produkt\/gronnsakspostei\/","name":"Vita hjertego' Gr\u00f8nnsakspostei - Vita Hjertego&#039;","isPartOf":{"@id":"https:\/\/mills.no\/vita-hjertego\/#website"},"primaryImageOfPage":{"@id":"https:\/\/mills.no\/vita-hjertego\/produkt\/gronnsakspostei\/#primaryimage"},"image":{"@id":"https:\/\/mills.no\/vita-hjertego\/produkt\/gronnsakspostei\/#primaryimage"},"thumbnailUrl":"https:\/\/mills.no\/content\/uploads\/2024\/12\/7036110011165_G1N1_1200px.png","datePublished":"2019-09-06T08:03:56+00:00","dateModified":"2025-11-05T11:03:03+00:00","breadcrumb":{"@id":"https:\/\/mills.no\/vita-hjertego\/produkt\/gronnsakspostei\/#breadcrumb"},"inLanguage":"nb-NO","potentialAction":[{"@type":"ReadAction","target":["https:\/\/mills.no\/vita-hjertego\/produkt\/gronnsakspostei\/"]}]},{"@type":"ImageObject","inLanguage":"nb-NO","@id":"https:\/\/mills.no\/vita-hjertego\/produkt\/gronnsakspostei\/#primaryimage","url":"https:\/\/mills.no\/content\/uploads\/2024\/12\/7036110011165_G1N1_1200px.png","contentUrl":"https:\/\/mills.no\/content\/uploads\/2024\/12\/7036110011165_G1N1_1200px.png"},{"@type":"BreadcrumbList","@id":"https:\/\/mills.no\/vita-hjertego\/produkt\/gronnsakspostei\/#breadcrumb","itemListElement":[{"@type":"ListItem","position":1,"name":"Hjem","item":"https:\/\/mills.no\/vita-hjertego\/"},{"@type":"ListItem","position":2,"name":"Produkter","item":"https:\/\/mills.no\/vita-hjertego\/produkter\/"},{"@type":"ListItem","position":3,"name":"Vita hjertego&#8217; Gr\u00f8nnsakspostei"}]},{"@type":"WebSite","@id":"https:\/\/mills.no\/vita-hjertego\/#website","url":"https:\/\/mills.no\/vita-hjertego\/","name":"Vita Hjertego&#039;","description":"Det er ikke ett fett hva du spiser","publisher":{"@id":"https:\/\/mills.no\/vita-hjertego\/#organization"},"potentialAction":[{"@type":"SearchAction","target":{"@type":"EntryPoint","urlTemplate":"https:\/\/mills.no\/vita-hjertego\/?s={search_term_string}"},"query-input":{"@type":"PropertyValueSpecification","valueRequired":true,"valueName":"search_term_string"}}],"inLanguage":"nb-NO"},{"@type":"Organization","@id":"https:\/\/mills.no\/vita-hjertego\/#organization","name":"Vita Hjertego&#039;","url":"https:\/\/mills.no\/vita-hjertego\/","logo":{"@type":"ImageObject","inLanguage":"nb-NO","@id":"https:\/\/mills.no\/vita-hjertego\/#\/schema\/logo\/image\/","url":"https:\/\/mills.no\/content\/uploads\/sites\/5\/2024\/12\/logo-vita-ny.svg","contentUrl":"https:\/\/mills.no\/content\/uploads\/sites\/5\/2024\/12\/logo-vita-ny.svg","caption":"Vita Hjertego&#039;"},"image":{"@id":"https:\/\/mills.no\/vita-hjertego\/#\/schema\/logo\/image\/"}}]}},"_links":{"self":[{"href":"https:\/\/mills.no\/vita-hjertego\/wp-json\/wp\/v2\/product\/32953","targetHints":{"allow":["GET"]}}],"collection":[{"href":"https:\/\/mills.no\/vita-hjertego\/wp-json\/wp\/v2\/product"}],"about":[{"href":"https:\/\/mills.no\/vita-hjertego\/wp-json\/wp\/v2\/types\/product"}],"version-history":[{"count":0,"href":"https:\/\/mills.no\/vita-hjertego\/wp-json\/wp\/v2\/product\/32953\/revisions"}],"wp:attachment":[{"href":"https:\/\/mills.no\/vita-hjertego\/wp-json\/wp\/v2\/media?parent=32953"}],"wp:term":[{"taxonomy":"brand","embeddable":true,"href":"https:\/\/mills.no\/vita-hjertego\/wp-json\/wp\/v2\/brand?post=32953"},{"taxonomy":"allergen","embeddable":true,"href":"https:\/\/mills.no\/vita-hjertego\/wp-json\/wp\/v2\/allergen?post=32953"},{"taxonomy":"product_category","embeddable":true,"href":"https:\/\/mills.no\/vita-hjertego\/wp-json\/wp\/v2\/product_category?post=32953"},{"taxonomy":"product_label","embeddable":true,"href":"https:\/\/mills.no\/vita-hjertego\/wp-json\/wp\/v2\/product_label?post=32953"}],"curies":[{"name":"wp","href":"https:\/\/api.w.org\/{rel}","templated":true}]}}