{"id":33003,"date":"2016-03-10T12:57:14","date_gmt":"2016-03-10T11:57:14","guid":{"rendered":"https:\/\/mills.no\/produkt\/vita-hjertego-lett\/"},"modified":"2024-12-12T14:38:14","modified_gmt":"2024-12-12T13:38:14","slug":"vita-hjertego-lettmargarin","status":"publish","type":"product","link":"https:\/\/mills.no\/vita-hjertego\/produkt\/vita-hjertego-lettmargarin\/","title":{"rendered":"Vita Hjertego&#8217; Lett"},"content":{"rendered":"<div class=\"mills-block-featured alignwide alignwide wp-block-mills-block-featured\"><div class=\"wp-block-cover__inner-container\">\n<h1 class=\"has-text-align-center wp-block-post-title has-text-color has-neutral-1000-color\">Vita Hjertego&#8217; Lett<\/h1>\n\n<p class=\"t2-ingress has-text-align-center align wp-block-t2-ingress\">Vita Hjertego\u2019  Lett er et produkt for deg som \u00f8nsker et mer hjertevennlig og kaloriredusert alternativ til br\u00f8dskiva. Den er laget med raps- og solsikkeolje og inneholder 30 prosent mindre fett enn den vanlige varianten.  <\/p>\n<\/div><\/div>\n\n\n\t\t<div class=\"has-background has-neutral-0-background-color is-style-vertical-spacing is-style-horizontal-spacing alignwide wp-block-mills-section has-background has-neutral-0-background-color\">\n\t\t\t<div class=\"wp-block-mills-section__inner aligncenter\">\n\t\t\t\t\n\n<figure class=\"wp-block-image aligncenter size-full\"><img decoding=\"async\" src=\"https:\/\/mills.no\/content\/uploads\/2024\/12\/7036110010595_G1N1_1200px.png\" alt=\"Vita Hjertego' Lett\" class=\"wp-image-42843\"\/><figcaption class=\"wp-element-caption\">Vita hjertego&#8217; Lettmargarin<\/figcaption><\/figure>\n\n\n\n<p>Vita Hjertego\u2019 Lettmargarin egner seg godt p\u00e5 br\u00f8dskiven, men fordi den inneholder mye vann egner den seg mindre godt til steking og baking.<\/p>\n\n\n\n\t\t<div class=\"has-background has-neutral-50-background-color is-style-vertical-spacing aligncenter is-section-text wp-block-mills-section has-background has-neutral-50-background-color\">\n\t\t\t<div class=\"wp-block-mills-section__inner aligncenter\">\n\t\t\t\t\n\n<h3 class=\"wp-block-heading\">Mettet og umettet fett <\/h3>\n\n\n\n<p>B\u00e5de raps- og solsikkeolje inneholder mye av det gode umettede fettet som helsemyndighetene anbefaler at vi spiser i stedet for mettet fett. Mettet fett finner vi i fete meieriprodukter, som for eksempel meierism\u00f8r og ost, og fete kj\u00f8ttprodukter. Umettet fett er den typen fett vi finner i for eksempel n\u00f8tter, avokado, fet fisk, majones og oljer.<\/p>\n\n\n\t\t\t<\/div>\n\t\t<\/div>\n\n\n<p>\u00c5 erstatte mettet fett med umettet fett, sammen med et variert og balansert kosthold og en sunn livsstil, bidrar til \u00e5 opprettholde normale kolesterolverdier.<\/p>\n\n\n\n<p>H\u00f8yt kolesterol er de av viktigste risikofaktorene for hjerte- og karsykdommer, fordi det f\u00f8rer til avleiringer i blod\u00e5rene, som igjen f\u00f8rer til trangere blod\u00e5rer. \u00c5 opprettholde normale kolesterolverdier gj\u00f8r det derfor enklere for hjertet \u00e5 gj\u00f8re jobben sin.<\/p>\n\n\n\n<h2 class=\"wp-block-heading\" id=\"h-nar-bor-man-velge-vita-hjertego-lett\">N\u00e5r b\u00f8r man velge Vita Hjertego&#8217; Lett?<\/h2>\n\n\n\n<p>Den st\u00f8rste effekten p\u00e5 kolesterolet f\u00e5r du ved \u00e5 velge den vanlige margarinen, fordi den inneholder mest av det umettede fettet. Men om du samtidig \u00f8nsker \u00e5 redusere kaloriinntaket er det lurt \u00e5 velge lettmargarin. Har du h\u00f8yt kolesterol b\u00f8r du velge Vita Hjertego&#8217; Proaktiv.<\/p>\n\n\n\t\t\t<\/div>\n\t\t<\/div>\n\n","protected":false},"excerpt":{"rendered":"<p>Vita hjertego\u2019 Lett er et produkt for deg som \u00f8nsker et mer hjertevennlig og kaloriredusert alternativ til br\u00f8dskiva. Den er&hellip;<\/p>\n","protected":false},"featured_media":0,"menu_order":40,"template":"","meta":{"_searchwp_excluded":"","hide_post_title":false,"mills_central_gtin":"","footnotes":""},"brand":[],"allergen":[],"product_category":[],"product_label":[],"class_list":["post-33003","product","type-product","status-publish","hentry"],"yoast_head":"<!-- This site is optimized with the Yoast SEO Premium plugin v26.9 (Yoast SEO v26.9) - https:\/\/yoast.com\/product\/yoast-seo-premium-wordpress\/ -->\n<title>Vita Hjertego&#039; Lett - Vita Hjertego&#039;<\/title>\n<meta name=\"robots\" content=\"index, follow, max-snippet:-1, max-image-preview:large, max-video-preview:-1\" \/>\n<link rel=\"canonical\" href=\"https:\/\/mills.no\/vita-hjertego\/produkt\/vita-hjertego-lettmargarin\/\" \/>\n<meta property=\"og:locale\" content=\"nb_NO\" \/>\n<meta property=\"og:type\" content=\"article\" \/>\n<meta property=\"og:title\" content=\"Vita Hjertego&#039; Lett\" \/>\n<meta property=\"og:description\" content=\"Vita hjertego\u2019 Lett er et produkt for deg som \u00f8nsker et mer hjertevennlig og kaloriredusert alternativ til br\u00f8dskiva. Den er&hellip;\" \/>\n<meta property=\"og:url\" content=\"https:\/\/mills.no\/vita-hjertego\/produkt\/vita-hjertego-lettmargarin\/\" \/>\n<meta property=\"og:site_name\" content=\"Vita Hjertego&#039;\" \/>\n<meta property=\"article:modified_time\" content=\"2024-12-12T13:38:14+00:00\" \/>\n<meta property=\"og:image\" content=\"https:\/\/mills.no\/content\/uploads\/2016\/03\/Vita-hjertego-Lettmargarin.png\" \/>\n<meta name=\"twitter:card\" content=\"summary_large_image\" \/>\n<meta name=\"twitter:label1\" content=\"Ansl. lesetid\" \/>\n\t<meta name=\"twitter:data1\" content=\"1 minutt\" \/>\n<script type=\"application\/ld+json\" class=\"yoast-schema-graph\">{\"@context\":\"https:\/\/schema.org\",\"@graph\":[{\"@type\":\"WebPage\",\"@id\":\"https:\/\/mills.no\/vita-hjertego\/produkt\/vita-hjertego-lettmargarin\/\",\"url\":\"https:\/\/mills.no\/vita-hjertego\/produkt\/vita-hjertego-lettmargarin\/\",\"name\":\"Vita Hjertego' Lett - Vita Hjertego&#039;\",\"isPartOf\":{\"@id\":\"https:\/\/mills.no\/vita-hjertego\/#website\"},\"primaryImageOfPage\":{\"@id\":\"https:\/\/mills.no\/vita-hjertego\/produkt\/vita-hjertego-lettmargarin\/#primaryimage\"},\"image\":{\"@id\":\"https:\/\/mills.no\/vita-hjertego\/produkt\/vita-hjertego-lettmargarin\/#primaryimage\"},\"thumbnailUrl\":\"https:\/\/mills.no\/content\/uploads\/2024\/12\/7036110010595_G1N1_1200px.png\",\"datePublished\":\"2016-03-10T11:57:14+00:00\",\"dateModified\":\"2024-12-12T13:38:14+00:00\",\"breadcrumb\":{\"@id\":\"https:\/\/mills.no\/vita-hjertego\/produkt\/vita-hjertego-lettmargarin\/#breadcrumb\"},\"inLanguage\":\"nb-NO\",\"potentialAction\":[{\"@type\":\"ReadAction\",\"target\":[\"https:\/\/mills.no\/vita-hjertego\/produkt\/vita-hjertego-lettmargarin\/\"]}]},{\"@type\":\"ImageObject\",\"inLanguage\":\"nb-NO\",\"@id\":\"https:\/\/mills.no\/vita-hjertego\/produkt\/vita-hjertego-lettmargarin\/#primaryimage\",\"url\":\"https:\/\/mills.no\/content\/uploads\/2024\/12\/7036110010595_G1N1_1200px.png\",\"contentUrl\":\"https:\/\/mills.no\/content\/uploads\/2024\/12\/7036110010595_G1N1_1200px.png\"},{\"@type\":\"BreadcrumbList\",\"@id\":\"https:\/\/mills.no\/vita-hjertego\/produkt\/vita-hjertego-lettmargarin\/#breadcrumb\",\"itemListElement\":[{\"@type\":\"ListItem\",\"position\":1,\"name\":\"Hjem\",\"item\":\"https:\/\/mills.no\/vita-hjertego\/\"},{\"@type\":\"ListItem\",\"position\":2,\"name\":\"Produkter\",\"item\":\"https:\/\/mills.no\/vita-hjertego\/produkter\/\"},{\"@type\":\"ListItem\",\"position\":3,\"name\":\"Vita hjertego&#8217; Lett\"}]},{\"@type\":\"WebSite\",\"@id\":\"https:\/\/mills.no\/vita-hjertego\/#website\",\"url\":\"https:\/\/mills.no\/vita-hjertego\/\",\"name\":\"Vita Hjertego&#039;\",\"description\":\"Det er ikke ett fett hva du spiser\",\"publisher\":{\"@id\":\"https:\/\/mills.no\/vita-hjertego\/#organization\"},\"potentialAction\":[{\"@type\":\"SearchAction\",\"target\":{\"@type\":\"EntryPoint\",\"urlTemplate\":\"https:\/\/mills.no\/vita-hjertego\/?s={search_term_string}\"},\"query-input\":{\"@type\":\"PropertyValueSpecification\",\"valueRequired\":true,\"valueName\":\"search_term_string\"}}],\"inLanguage\":\"nb-NO\"},{\"@type\":\"Organization\",\"@id\":\"https:\/\/mills.no\/vita-hjertego\/#organization\",\"name\":\"Vita Hjertego&#039;\",\"url\":\"https:\/\/mills.no\/vita-hjertego\/\",\"logo\":{\"@type\":\"ImageObject\",\"inLanguage\":\"nb-NO\",\"@id\":\"https:\/\/mills.no\/vita-hjertego\/#\/schema\/logo\/image\/\",\"url\":\"https:\/\/mills.no\/content\/uploads\/sites\/5\/2024\/12\/logo-vita-ny.svg\",\"contentUrl\":\"https:\/\/mills.no\/content\/uploads\/sites\/5\/2024\/12\/logo-vita-ny.svg\",\"caption\":\"Vita Hjertego&#039;\"},\"image\":{\"@id\":\"https:\/\/mills.no\/vita-hjertego\/#\/schema\/logo\/image\/\"}}]}<\/script>\n<!-- \/ Yoast SEO Premium plugin. -->","yoast_head_json":{"title":"Vita Hjertego' Lett - Vita Hjertego&#039;","robots":{"index":"index","follow":"follow","max-snippet":"max-snippet:-1","max-image-preview":"max-image-preview:large","max-video-preview":"max-video-preview:-1"},"canonical":"https:\/\/mills.no\/vita-hjertego\/produkt\/vita-hjertego-lettmargarin\/","og_locale":"nb_NO","og_type":"article","og_title":"Vita Hjertego' Lett","og_description":"Vita hjertego\u2019 Lett er et produkt for deg som \u00f8nsker et mer hjertevennlig og kaloriredusert alternativ til br\u00f8dskiva. Den er&hellip;","og_url":"https:\/\/mills.no\/vita-hjertego\/produkt\/vita-hjertego-lettmargarin\/","og_site_name":"Vita Hjertego&#039;","article_modified_time":"2024-12-12T13:38:14+00:00","og_image":[{"url":"https:\/\/mills.no\/content\/uploads\/2016\/03\/Vita-hjertego-Lettmargarin.png","type":"","width":"","height":""}],"twitter_card":"summary_large_image","twitter_misc":{"Ansl. lesetid":"1 minutt"},"schema":{"@context":"https:\/\/schema.org","@graph":[{"@type":"WebPage","@id":"https:\/\/mills.no\/vita-hjertego\/produkt\/vita-hjertego-lettmargarin\/","url":"https:\/\/mills.no\/vita-hjertego\/produkt\/vita-hjertego-lettmargarin\/","name":"Vita Hjertego' Lett - Vita Hjertego&#039;","isPartOf":{"@id":"https:\/\/mills.no\/vita-hjertego\/#website"},"primaryImageOfPage":{"@id":"https:\/\/mills.no\/vita-hjertego\/produkt\/vita-hjertego-lettmargarin\/#primaryimage"},"image":{"@id":"https:\/\/mills.no\/vita-hjertego\/produkt\/vita-hjertego-lettmargarin\/#primaryimage"},"thumbnailUrl":"https:\/\/mills.no\/content\/uploads\/2024\/12\/7036110010595_G1N1_1200px.png","datePublished":"2016-03-10T11:57:14+00:00","dateModified":"2024-12-12T13:38:14+00:00","breadcrumb":{"@id":"https:\/\/mills.no\/vita-hjertego\/produkt\/vita-hjertego-lettmargarin\/#breadcrumb"},"inLanguage":"nb-NO","potentialAction":[{"@type":"ReadAction","target":["https:\/\/mills.no\/vita-hjertego\/produkt\/vita-hjertego-lettmargarin\/"]}]},{"@type":"ImageObject","inLanguage":"nb-NO","@id":"https:\/\/mills.no\/vita-hjertego\/produkt\/vita-hjertego-lettmargarin\/#primaryimage","url":"https:\/\/mills.no\/content\/uploads\/2024\/12\/7036110010595_G1N1_1200px.png","contentUrl":"https:\/\/mills.no\/content\/uploads\/2024\/12\/7036110010595_G1N1_1200px.png"},{"@type":"BreadcrumbList","@id":"https:\/\/mills.no\/vita-hjertego\/produkt\/vita-hjertego-lettmargarin\/#breadcrumb","itemListElement":[{"@type":"ListItem","position":1,"name":"Hjem","item":"https:\/\/mills.no\/vita-hjertego\/"},{"@type":"ListItem","position":2,"name":"Produkter","item":"https:\/\/mills.no\/vita-hjertego\/produkter\/"},{"@type":"ListItem","position":3,"name":"Vita hjertego&#8217; Lett"}]},{"@type":"WebSite","@id":"https:\/\/mills.no\/vita-hjertego\/#website","url":"https:\/\/mills.no\/vita-hjertego\/","name":"Vita Hjertego&#039;","description":"Det er ikke ett fett hva du spiser","publisher":{"@id":"https:\/\/mills.no\/vita-hjertego\/#organization"},"potentialAction":[{"@type":"SearchAction","target":{"@type":"EntryPoint","urlTemplate":"https:\/\/mills.no\/vita-hjertego\/?s={search_term_string}"},"query-input":{"@type":"PropertyValueSpecification","valueRequired":true,"valueName":"search_term_string"}}],"inLanguage":"nb-NO"},{"@type":"Organization","@id":"https:\/\/mills.no\/vita-hjertego\/#organization","name":"Vita Hjertego&#039;","url":"https:\/\/mills.no\/vita-hjertego\/","logo":{"@type":"ImageObject","inLanguage":"nb-NO","@id":"https:\/\/mills.no\/vita-hjertego\/#\/schema\/logo\/image\/","url":"https:\/\/mills.no\/content\/uploads\/sites\/5\/2024\/12\/logo-vita-ny.svg","contentUrl":"https:\/\/mills.no\/content\/uploads\/sites\/5\/2024\/12\/logo-vita-ny.svg","caption":"Vita Hjertego&#039;"},"image":{"@id":"https:\/\/mills.no\/vita-hjertego\/#\/schema\/logo\/image\/"}}]}},"_links":{"self":[{"href":"https:\/\/mills.no\/vita-hjertego\/wp-json\/wp\/v2\/product\/33003","targetHints":{"allow":["GET"]}}],"collection":[{"href":"https:\/\/mills.no\/vita-hjertego\/wp-json\/wp\/v2\/product"}],"about":[{"href":"https:\/\/mills.no\/vita-hjertego\/wp-json\/wp\/v2\/types\/product"}],"version-history":[{"count":0,"href":"https:\/\/mills.no\/vita-hjertego\/wp-json\/wp\/v2\/product\/33003\/revisions"}],"wp:attachment":[{"href":"https:\/\/mills.no\/vita-hjertego\/wp-json\/wp\/v2\/media?parent=33003"}],"wp:term":[{"taxonomy":"brand","embeddable":true,"href":"https:\/\/mills.no\/vita-hjertego\/wp-json\/wp\/v2\/brand?post=33003"},{"taxonomy":"allergen","embeddable":true,"href":"https:\/\/mills.no\/vita-hjertego\/wp-json\/wp\/v2\/allergen?post=33003"},{"taxonomy":"product_category","embeddable":true,"href":"https:\/\/mills.no\/vita-hjertego\/wp-json\/wp\/v2\/product_category?post=33003"},{"taxonomy":"product_label","embeddable":true,"href":"https:\/\/mills.no\/vita-hjertego\/wp-json\/wp\/v2\/product_label?post=33003"}],"curies":[{"name":"wp","href":"https:\/\/api.w.org\/{rel}","templated":true}]}}