{"id":33007,"date":"2016-01-21T08:50:55","date_gmt":"2016-01-21T07:50:55","guid":{"rendered":"https:\/\/mills.no\/produkt\/vita-hjertego-margarin\/"},"modified":"2024-12-12T14:49:30","modified_gmt":"2024-12-12T13:49:30","slug":"vita-hjertego-margarin","status":"publish","type":"product","link":"https:\/\/mills.no\/vita-hjertego\/produkt\/vita-hjertego-margarin\/","title":{"rendered":"Vita Hjertego&#8217; Margarin"},"content":{"rendered":"<div class=\"mills-block-featured alignwide alignwide wp-block-mills-block-featured\"><div class=\"wp-block-cover__inner-container\">\n<h1 class=\"has-text-align-center wp-block-post-title has-text-color has-neutral-1000-color\">Vita Hjertego&#8217; Margarin<\/h1>\n\n<p class=\"t2-ingress has-text-align-center align wp-block-t2-ingress\">Vita Hjertego\u2019 Margarin er en plantemargarin laget av raps- og solsikkeolje, for deg som \u00f8nsker et mer hjertevennlig alternativ til br\u00f8dskiven.  <\/p>\n<\/div><\/div>\n\n\n\t\t<div class=\"has-background has-neutral-0-background-color is-style-vertical-spacing is-style-horizontal-spacing alignwide wp-block-mills-section has-background has-neutral-0-background-color\">\n\t\t\t<div class=\"wp-block-mills-section__inner aligncenter\">\n\t\t\t\t\n\n<figure class=\"wp-block-image aligncenter size-full\"><img decoding=\"async\" src=\"https:\/\/mills.no\/content\/uploads\/2016\/01\/7036110008202_G1N1_1200px.png\" alt=\"Vita Hjertego' Original\" class=\"wp-image-42855\"\/><figcaption class=\"wp-element-caption\">Vita hjertego&#8217; Original<\/figcaption><\/figure>\n\n\n\n<p>Vita Hjertego\u2019 Margarin egner seg godt til br\u00f8dskiva, og kan ogs\u00e5 brukes til steking.<\/p>\n\n\n\n<h2 class=\"wp-block-heading\" id=\"h-om-ingrediensene\">Om ingrediensene<\/h2>\n\n\n\n<p>Rapsolje og solsikkeolje er de to ingrediensen det er mest av i Vita hjertego&#8217;. B\u00e5de raps- og solsikkeolje inneholder mye av det umettede fettet som helsemyndighetene anbefaler at vi spiser i stedet for mettet fett. <\/p>\n\n\n\n\t\t<div class=\"has-background has-neutral-50-background-color is-style-vertical-spacing aligncenter is-section-text wp-block-mills-section has-background has-neutral-50-background-color\">\n\t\t\t<div class=\"wp-block-mills-section__inner aligncenter\">\n\t\t\t\t\n\n<h3 class=\"wp-block-heading\" id=\"h-mettet-og-umettet-fett\">Mettet og umettet fett <\/h3>\n\n\n\n<p>Mettet fett finner vi i fete meieriprodukter, som for eksempel meierism\u00f8r og ost, og fete kj\u00f8ttprodukter. Umettet fett er den typen fett vi finner i for eksempel n\u00f8tter, avokado, fet fisk, majones og oljer.<\/p>\n\n\n\n<p>Umettet fett kan deles inn i \u00e9numettet og flerumettet fett. Rapsolje er en olje som inneholder enumettet fett, mens solsikkeolje har et h\u00f8yt innhold av flerumettet fett. Det er flerumettet fett som har st\u00f8rst kolesterolreduserende effekt, derfor er Vita hjertego\u2019 margarin laget med 27,5 prosent solsikkeolje.<\/p>\n\n\n\t\t\t<\/div>\n\t\t<\/div>\n\n\n<p>\u00c5 erstatte mettet fett med umettet fett, sammen med et variert og balansert kosthold og en sunn livsstil, bidrar til \u00e5 opprettholde normale kolesterolverdier.<\/p>\n\n\n\n<h2 class=\"wp-block-heading\">Hvorfor er vi opptatt av kolesterol? <\/h2>\n\n\n\n<p>H\u00f8yt kolesterol er de av viktigste risikofaktorene for hjerte- og karsykdommer, fordi det f\u00f8rer til avleiringer i blod\u00e5rene, som igjen gir trangere blod\u00e5rer. \u00c5 opprettholde normale kolesterolverdier gj\u00f8r det derfor enklere for hjertet \u00e5 gj\u00f8re jobben sin.<\/p>\n\n\n\n<p><\/p>\n\n\n\n<p><\/p>\n\n\n\t\t\t<\/div>\n\t\t<\/div>\n\n<div class=\"mills-block-food-labeling alignwide alignwide wp-block-mills-block-food-labeling\"><div class=\"left\"><section class=\"nutrients-section\"><header class\"nutrients-header\"><h3>N\u00e6ringsinnhold<\/h3><\/header><p class=\"nutrients-info\">100 gram gir.<\/p><div class=\"nutrients-list\"><div class=\"nutrient-item heading energy ENERGY_KJ\"><span>Energi<\/span><span>2220 kJ (540 kcal)<\/span><\/div><div class=\"empty-item\"><span>&nbsp;<\/span><\/div><div class=\"nutrient-item heading fat FAT\"><span>Fett<\/span><span>60 g<\/span><\/div><div class=\"nutrient-sub\"><span>Hvorav<\/span><\/div><div class=\"nutrient-item fat FASAT\"><span>&#8211; Mettet fett<\/span><span>12 g<\/span><\/div><div class=\"nutrient-item fat FAMSCIS\"><span>&#8211; Enumettet fett<\/span><span>24 g<\/span><\/div><div class=\"nutrient-item fat FAPUCIS\"><span>&#8211; Flerumettet fett<\/span><span>20 g<\/span><\/div><div class=\"empty-item\"><span>&nbsp;<\/span><\/div><div class=\"nutrient-item heading carbs CHOAVL\"><span>Karbohydrater<\/span><span>0.5 g<\/span><\/div><div class=\"nutrient-sub\"><span>Hvorav<\/span><\/div><div class=\"nutrient-item carbs SUGAR-\"><span>&#8211; Sukkerarter<\/span><span>0.5 g<\/span><\/div><div class=\"empty-item\"><span>&nbsp;<\/span><\/div><div class=\"nutrient-item heading protein PRO-\"><span>Protein<\/span><span>0.5 g<\/span><\/div><div class=\"empty-item\"><span>&nbsp;<\/span><\/div><div class=\"nutrient-item heading salt SALTEQ\"><span>Salt<\/span><span>0.8 g<\/span><\/div><div class=\"empty-item\"><span>&nbsp;<\/span><\/div><div class=\"nutrient-item heading vita \"><span>Vitamin A<\/span><span>900 \u00b5g<\/span><\/div><div class=\"nutrient-item vita \"><span>Vitamin D<\/span><span>10 \u00b5g<\/span><\/div><div class=\"nutrient-item vita \"><span>Vitamin E<\/span><span>19 mg<\/span><\/div><\/div><\/section><\/div><div class=\"right\"><section class=\"ingredients-section\"><header class=\"ingredients-header\"><h3>Ingredienser<\/h3><\/header><p class=\"ingredients-list\">Planteolje [solsikkeolje (23,5 %), rapsolje (23,5 %)], vann, sheafett, kokosolje, skummet melk (4 %), salt, emulgator (monoglyserider av fettsyrer, soyalecitin), konserveringsmiddel (kaliumsorbat), surhetsregulerende middel (melkesyre), vitamin A, vitamin D, fargestoff (betakaroten), aroma<\/p><p class=\"ingredients-smallprint\"><small>Produktsammensetningen kan endres. Les derfor alltid ingredienslisten p\u00e5 emballasjen p\u00e5 produktet.<\/small><\/p><\/section>\n<section class=\"allergens-section contains\"><header class=\"allergens-header\"><h3>Allergener<\/h3><\/header><div class=\"wp-block-buttons\"><div class=\"wp-block-button is-style-outline AM\"><span class=\"wp-block-button__link\">Melk<i class=\"icon-IconAllergy-milk\"><\/i><\/span><\/div><div class=\"wp-block-button is-style-outline AY\"><span class=\"wp-block-button__link\">Soyab\u00f8nner<i class=\"icon-IconAllergy-soy\"><\/i><\/span><\/div><\/div><\/section><\/div><\/div>","protected":false},"excerpt":{"rendered":"<p>Vita hjertego\u2019 Margarin er en plantemargarin laget av raps- og solsikkeolje, for deg som \u00f8nsker et mer hjertevennlig alternativ til&hellip;<\/p>\n","protected":false},"featured_media":0,"menu_order":38,"template":"","meta":{"_searchwp_excluded":"","hide_post_title":false,"mills_central_gtin":"","footnotes":""},"brand":[],"allergen":[],"product_category":[],"product_label":[],"class_list":["post-33007","product","type-product","status-publish","hentry"],"yoast_head":"<!-- This site is optimized with the Yoast SEO Premium plugin v26.9 (Yoast SEO v26.9) - https:\/\/yoast.com\/product\/yoast-seo-premium-wordpress\/ -->\n<title>Vita Hjertego&#039; Margarin - Vita Hjertego&#039;<\/title>\n<meta name=\"robots\" content=\"index, follow, max-snippet:-1, max-image-preview:large, max-video-preview:-1\" \/>\n<link rel=\"canonical\" href=\"https:\/\/mills.no\/vita-hjertego\/produkt\/vita-hjertego-margarin\/\" \/>\n<meta property=\"og:locale\" content=\"nb_NO\" \/>\n<meta property=\"og:type\" content=\"article\" \/>\n<meta property=\"og:title\" content=\"Vita Hjertego&#039; Margarin\" \/>\n<meta property=\"og:description\" content=\"Vita hjertego\u2019 Margarin er en plantemargarin laget av raps- og solsikkeolje, for deg som \u00f8nsker et mer hjertevennlig alternativ til&hellip;\" \/>\n<meta property=\"og:url\" content=\"https:\/\/mills.no\/vita-hjertego\/produkt\/vita-hjertego-margarin\/\" \/>\n<meta property=\"og:site_name\" content=\"Vita Hjertego&#039;\" \/>\n<meta property=\"article:modified_time\" content=\"2024-12-12T13:49:30+00:00\" \/>\n<meta property=\"og:image\" content=\"https:\/\/mills.no\/content\/uploads\/2016\/01\/Vita-hjertego-Original-1.png\" \/>\n<meta name=\"twitter:card\" content=\"summary_large_image\" \/>\n<meta name=\"twitter:label1\" content=\"Ansl. lesetid\" \/>\n\t<meta name=\"twitter:data1\" content=\"1 minutt\" \/>\n<script type=\"application\/ld+json\" class=\"yoast-schema-graph\">{\"@context\":\"https:\/\/schema.org\",\"@graph\":[{\"@type\":\"WebPage\",\"@id\":\"https:\/\/mills.no\/vita-hjertego\/produkt\/vita-hjertego-margarin\/\",\"url\":\"https:\/\/mills.no\/vita-hjertego\/produkt\/vita-hjertego-margarin\/\",\"name\":\"Vita Hjertego' Margarin - Vita Hjertego&#039;\",\"isPartOf\":{\"@id\":\"https:\/\/mills.no\/vita-hjertego\/#website\"},\"primaryImageOfPage\":{\"@id\":\"https:\/\/mills.no\/vita-hjertego\/produkt\/vita-hjertego-margarin\/#primaryimage\"},\"image\":{\"@id\":\"https:\/\/mills.no\/vita-hjertego\/produkt\/vita-hjertego-margarin\/#primaryimage\"},\"thumbnailUrl\":\"https:\/\/mills.no\/content\/uploads\/2016\/01\/7036110008202_G1N1_1200px.png\",\"datePublished\":\"2016-01-21T07:50:55+00:00\",\"dateModified\":\"2024-12-12T13:49:30+00:00\",\"breadcrumb\":{\"@id\":\"https:\/\/mills.no\/vita-hjertego\/produkt\/vita-hjertego-margarin\/#breadcrumb\"},\"inLanguage\":\"nb-NO\",\"potentialAction\":[{\"@type\":\"ReadAction\",\"target\":[\"https:\/\/mills.no\/vita-hjertego\/produkt\/vita-hjertego-margarin\/\"]}]},{\"@type\":\"ImageObject\",\"inLanguage\":\"nb-NO\",\"@id\":\"https:\/\/mills.no\/vita-hjertego\/produkt\/vita-hjertego-margarin\/#primaryimage\",\"url\":\"https:\/\/mills.no\/content\/uploads\/2016\/01\/7036110008202_G1N1_1200px.png\",\"contentUrl\":\"https:\/\/mills.no\/content\/uploads\/2016\/01\/7036110008202_G1N1_1200px.png\"},{\"@type\":\"BreadcrumbList\",\"@id\":\"https:\/\/mills.no\/vita-hjertego\/produkt\/vita-hjertego-margarin\/#breadcrumb\",\"itemListElement\":[{\"@type\":\"ListItem\",\"position\":1,\"name\":\"Hjem\",\"item\":\"https:\/\/mills.no\/vita-hjertego\/\"},{\"@type\":\"ListItem\",\"position\":2,\"name\":\"Produkter\",\"item\":\"https:\/\/mills.no\/vita-hjertego\/produkter\/\"},{\"@type\":\"ListItem\",\"position\":3,\"name\":\"Vita hjertego&#8217; Margarin\"}]},{\"@type\":\"WebSite\",\"@id\":\"https:\/\/mills.no\/vita-hjertego\/#website\",\"url\":\"https:\/\/mills.no\/vita-hjertego\/\",\"name\":\"Vita Hjertego&#039;\",\"description\":\"Det er ikke ett fett hva du spiser\",\"publisher\":{\"@id\":\"https:\/\/mills.no\/vita-hjertego\/#organization\"},\"potentialAction\":[{\"@type\":\"SearchAction\",\"target\":{\"@type\":\"EntryPoint\",\"urlTemplate\":\"https:\/\/mills.no\/vita-hjertego\/?s={search_term_string}\"},\"query-input\":{\"@type\":\"PropertyValueSpecification\",\"valueRequired\":true,\"valueName\":\"search_term_string\"}}],\"inLanguage\":\"nb-NO\"},{\"@type\":\"Organization\",\"@id\":\"https:\/\/mills.no\/vita-hjertego\/#organization\",\"name\":\"Vita Hjertego&#039;\",\"url\":\"https:\/\/mills.no\/vita-hjertego\/\",\"logo\":{\"@type\":\"ImageObject\",\"inLanguage\":\"nb-NO\",\"@id\":\"https:\/\/mills.no\/vita-hjertego\/#\/schema\/logo\/image\/\",\"url\":\"https:\/\/mills.no\/content\/uploads\/sites\/5\/2024\/12\/logo-vita-ny.svg\",\"contentUrl\":\"https:\/\/mills.no\/content\/uploads\/sites\/5\/2024\/12\/logo-vita-ny.svg\",\"caption\":\"Vita Hjertego&#039;\"},\"image\":{\"@id\":\"https:\/\/mills.no\/vita-hjertego\/#\/schema\/logo\/image\/\"}}]}<\/script>\n<!-- \/ Yoast SEO Premium plugin. -->","yoast_head_json":{"title":"Vita Hjertego' Margarin - Vita Hjertego&#039;","robots":{"index":"index","follow":"follow","max-snippet":"max-snippet:-1","max-image-preview":"max-image-preview:large","max-video-preview":"max-video-preview:-1"},"canonical":"https:\/\/mills.no\/vita-hjertego\/produkt\/vita-hjertego-margarin\/","og_locale":"nb_NO","og_type":"article","og_title":"Vita Hjertego' Margarin","og_description":"Vita hjertego\u2019 Margarin er en plantemargarin laget av raps- og solsikkeolje, for deg som \u00f8nsker et mer hjertevennlig alternativ til&hellip;","og_url":"https:\/\/mills.no\/vita-hjertego\/produkt\/vita-hjertego-margarin\/","og_site_name":"Vita Hjertego&#039;","article_modified_time":"2024-12-12T13:49:30+00:00","og_image":[{"url":"https:\/\/mills.no\/content\/uploads\/2016\/01\/Vita-hjertego-Original-1.png","type":"","width":"","height":""}],"twitter_card":"summary_large_image","twitter_misc":{"Ansl. lesetid":"1 minutt"},"schema":{"@context":"https:\/\/schema.org","@graph":[{"@type":"WebPage","@id":"https:\/\/mills.no\/vita-hjertego\/produkt\/vita-hjertego-margarin\/","url":"https:\/\/mills.no\/vita-hjertego\/produkt\/vita-hjertego-margarin\/","name":"Vita Hjertego' Margarin - Vita Hjertego&#039;","isPartOf":{"@id":"https:\/\/mills.no\/vita-hjertego\/#website"},"primaryImageOfPage":{"@id":"https:\/\/mills.no\/vita-hjertego\/produkt\/vita-hjertego-margarin\/#primaryimage"},"image":{"@id":"https:\/\/mills.no\/vita-hjertego\/produkt\/vita-hjertego-margarin\/#primaryimage"},"thumbnailUrl":"https:\/\/mills.no\/content\/uploads\/2016\/01\/7036110008202_G1N1_1200px.png","datePublished":"2016-01-21T07:50:55+00:00","dateModified":"2024-12-12T13:49:30+00:00","breadcrumb":{"@id":"https:\/\/mills.no\/vita-hjertego\/produkt\/vita-hjertego-margarin\/#breadcrumb"},"inLanguage":"nb-NO","potentialAction":[{"@type":"ReadAction","target":["https:\/\/mills.no\/vita-hjertego\/produkt\/vita-hjertego-margarin\/"]}]},{"@type":"ImageObject","inLanguage":"nb-NO","@id":"https:\/\/mills.no\/vita-hjertego\/produkt\/vita-hjertego-margarin\/#primaryimage","url":"https:\/\/mills.no\/content\/uploads\/2016\/01\/7036110008202_G1N1_1200px.png","contentUrl":"https:\/\/mills.no\/content\/uploads\/2016\/01\/7036110008202_G1N1_1200px.png"},{"@type":"BreadcrumbList","@id":"https:\/\/mills.no\/vita-hjertego\/produkt\/vita-hjertego-margarin\/#breadcrumb","itemListElement":[{"@type":"ListItem","position":1,"name":"Hjem","item":"https:\/\/mills.no\/vita-hjertego\/"},{"@type":"ListItem","position":2,"name":"Produkter","item":"https:\/\/mills.no\/vita-hjertego\/produkter\/"},{"@type":"ListItem","position":3,"name":"Vita hjertego&#8217; Margarin"}]},{"@type":"WebSite","@id":"https:\/\/mills.no\/vita-hjertego\/#website","url":"https:\/\/mills.no\/vita-hjertego\/","name":"Vita Hjertego&#039;","description":"Det er ikke ett fett hva du spiser","publisher":{"@id":"https:\/\/mills.no\/vita-hjertego\/#organization"},"potentialAction":[{"@type":"SearchAction","target":{"@type":"EntryPoint","urlTemplate":"https:\/\/mills.no\/vita-hjertego\/?s={search_term_string}"},"query-input":{"@type":"PropertyValueSpecification","valueRequired":true,"valueName":"search_term_string"}}],"inLanguage":"nb-NO"},{"@type":"Organization","@id":"https:\/\/mills.no\/vita-hjertego\/#organization","name":"Vita Hjertego&#039;","url":"https:\/\/mills.no\/vita-hjertego\/","logo":{"@type":"ImageObject","inLanguage":"nb-NO","@id":"https:\/\/mills.no\/vita-hjertego\/#\/schema\/logo\/image\/","url":"https:\/\/mills.no\/content\/uploads\/sites\/5\/2024\/12\/logo-vita-ny.svg","contentUrl":"https:\/\/mills.no\/content\/uploads\/sites\/5\/2024\/12\/logo-vita-ny.svg","caption":"Vita Hjertego&#039;"},"image":{"@id":"https:\/\/mills.no\/vita-hjertego\/#\/schema\/logo\/image\/"}}]}},"_links":{"self":[{"href":"https:\/\/mills.no\/vita-hjertego\/wp-json\/wp\/v2\/product\/33007","targetHints":{"allow":["GET"]}}],"collection":[{"href":"https:\/\/mills.no\/vita-hjertego\/wp-json\/wp\/v2\/product"}],"about":[{"href":"https:\/\/mills.no\/vita-hjertego\/wp-json\/wp\/v2\/types\/product"}],"version-history":[{"count":0,"href":"https:\/\/mills.no\/vita-hjertego\/wp-json\/wp\/v2\/product\/33007\/revisions"}],"wp:attachment":[{"href":"https:\/\/mills.no\/vita-hjertego\/wp-json\/wp\/v2\/media?parent=33007"}],"wp:term":[{"taxonomy":"brand","embeddable":true,"href":"https:\/\/mills.no\/vita-hjertego\/wp-json\/wp\/v2\/brand?post=33007"},{"taxonomy":"allergen","embeddable":true,"href":"https:\/\/mills.no\/vita-hjertego\/wp-json\/wp\/v2\/allergen?post=33007"},{"taxonomy":"product_category","embeddable":true,"href":"https:\/\/mills.no\/vita-hjertego\/wp-json\/wp\/v2\/product_category?post=33007"},{"taxonomy":"product_label","embeddable":true,"href":"https:\/\/mills.no\/vita-hjertego\/wp-json\/wp\/v2\/product_label?post=33007"}],"curies":[{"name":"wp","href":"https:\/\/api.w.org\/{rel}","templated":true}]}}