{"id":33009,"date":"2016-01-21T08:50:55","date_gmt":"2016-01-21T07:50:55","guid":{"rendered":"https:\/\/mills.no\/produkt\/vita-hjertego-ovnsbakt-leverpostei\/"},"modified":"2024-12-12T14:50:43","modified_gmt":"2024-12-12T13:50:43","slug":"vita-hjertego-ovnsbakt-leverpostei","status":"publish","type":"product","link":"https:\/\/mills.no\/vita-hjertego\/produkt\/vita-hjertego-ovnsbakt-leverpostei\/","title":{"rendered":"Vita hjertego\u2019 Ovnsbakt leverpostei"},"content":{"rendered":"<div class=\"mills-block-featured alignwide alignwide wp-block-mills-block-featured\"><div class=\"wp-block-cover__inner-container\">\n<h1 class=\"has-text-align-center wp-block-post-title has-text-color has-neutral-1000-color\">Vita hjertego\u2019 Ovnsbakt leverpostei<\/h1>\n\n<p class=\"t2-ingress has-text-align-center align wp-block-t2-ingress\">Vita hjertego\u2019 Leverpostei er en klassisk ovnsbakt leverpostei, men der fett fra lever og svin er byttet ut med raps- og solsikkeolje. Det betyr at vi har byttet ut noe av det mettede fettet med umettet fett.  <\/p>\n<\/div><\/div>\n\n\n\t\t<div class=\"has-background has-neutral-0-background-color is-style-vertical-spacing is-style-horizontal-spacing alignwide wp-block-mills-section has-background has-neutral-0-background-color\">\n\t\t\t<div class=\"wp-block-mills-section__inner aligncenter\">\n\t\t\t\t\n\n<figure class=\"wp-block-image aligncenter size-full\"><img decoding=\"async\" src=\"https:\/\/mills.no\/content\/uploads\/2016\/03\/7036110007809_G1N1_1200px.png\" alt=\"Vita hjertego ovnsbakt leverpostei\" class=\"wp-image-42847\"\/><figcaption class=\"wp-element-caption\">Vita hjertego&#8217; ovnsbakt leverpostei<\/figcaption><\/figure>\n\n\n\n<p>Vita hjertego&#8217; Ovnsbakt leverpostei er saftig, enkel \u00e5 sm\u00f8re, og har god og fersk smak. Etter \u00e5pning er den holdbar ca 1 uke i kj\u00f8leskap.<\/p>\n\n\n\n<p>Leverpostei er ogs\u00e5 en god kilde til jern. Har du jernmangel er det ekstra lurt \u00e5 spise leverpostei, fordi jernet i leverpostei er en type som lett tas opp av kroppen.<\/p>\n\n\n\n\t\t<div class=\"has-background has-neutral-50-background-color is-style-vertical-spacing aligncenter is-section-text wp-block-mills-section has-background has-neutral-50-background-color\">\n\t\t\t<div class=\"wp-block-mills-section__inner aligncenter\">\n\t\t\t\t\n\n<h2 class=\"wp-block-heading\" id=\"h-hvorfor-er-vita-hjertego-ovnsbakt-leverpostei-sunnere-enn-andre-posteier\">Hvorfor er Vita hjertego&#8217; Ovnsbakt leverpostei sunnere enn andre posteier? <\/h2>\n\n\n\n<p>I Vita hjertego&#8217; Ovnsbakt leverpostei er fett fra lever og svin er byttet ut med raps- og solsikkeolje. B\u00e5de raps- og solsikkeolje inneholder mye av det gode umettede fettet som helsemyndighetene anbefaler at vi spiser i stedet for mettet fett. Mettet fett finner vi i fete meieriprodukter, som for eksempel meierism\u00f8r og ost, og fete kj\u00f8ttprodukter. Umettet fett er den typen fett vi finner i for eksempel n\u00f8tter, avokado, fet fisk, majones og oljer.<\/p>\n\n\n\n<p>\u00c5 erstatte mettet fett med umettet fett, sammen med et variert og balansert kosthold og en sunn livsstil,bidrar til \u00e5 opprettholde normale kolesterolverdier.<\/p>\n\n\n\t\t\t<\/div>\n\t\t<\/div>\n\n\n<p>H\u00f8yt kolesterol er de av viktigste risikofaktorene for hjerte- og karsykdommer, fordi det f\u00f8rer til avleiringer i blod\u00e5rene , som igjen f\u00f8rer til trangere blod\u00e5rer. \u00c5 opprettholde normale kolesterolverdier gj\u00f8r det derfor enklere for hjertet \u00e5 gj\u00f8re jobben sin.<\/p>\n\n\n\n<h2 class=\"wp-block-heading\">Resirkulering<\/h2>\n\n\n\n<p>Selve boksen resirkuleres som metall, mens lokket skal kastes sammen med annen plast.<\/p>\n\n\n\t\t\t<\/div>\n\t\t<\/div>\n\n","protected":false},"excerpt":{"rendered":"<p>Vita hjertego\u2019 Leverpostei er en klassisk ovnsbakt leverpostei, men der fett fra lever og svin er byttet ut med raps-&hellip;<\/p>\n","protected":false},"featured_media":0,"menu_order":56,"template":"","meta":{"_searchwp_excluded":"","hide_post_title":false,"mills_central_gtin":"","footnotes":""},"brand":[],"allergen":[],"product_category":[],"product_label":[],"class_list":["post-33009","product","type-product","status-publish","hentry"],"yoast_head":"<!-- This site is optimized with the Yoast SEO Premium plugin v26.9 (Yoast SEO v26.9) - https:\/\/yoast.com\/product\/yoast-seo-premium-wordpress\/ -->\n<title>Vita hjertego\u2019 Ovnsbakt leverpostei - Vita Hjertego&#039;<\/title>\n<meta name=\"robots\" content=\"index, follow, max-snippet:-1, max-image-preview:large, max-video-preview:-1\" \/>\n<link rel=\"canonical\" href=\"https:\/\/mills.no\/vita-hjertego\/produkt\/vita-hjertego-ovnsbakt-leverpostei\/\" \/>\n<meta property=\"og:locale\" content=\"nb_NO\" \/>\n<meta property=\"og:type\" content=\"article\" \/>\n<meta property=\"og:title\" content=\"Vita hjertego\u2019 Ovnsbakt leverpostei\" \/>\n<meta property=\"og:description\" content=\"Vita hjertego\u2019 Leverpostei er en klassisk ovnsbakt leverpostei, men der fett fra lever og svin er byttet ut med raps-&hellip;\" \/>\n<meta property=\"og:url\" content=\"https:\/\/mills.no\/vita-hjertego\/produkt\/vita-hjertego-ovnsbakt-leverpostei\/\" \/>\n<meta property=\"og:site_name\" content=\"Vita Hjertego&#039;\" \/>\n<meta property=\"article:modified_time\" content=\"2024-12-12T13:50:43+00:00\" \/>\n<meta property=\"og:image\" content=\"https:\/\/mills.no\/content\/uploads\/2016\/01\/Vita-hjertego-ovnsbakt-leverpostei.png\" \/>\n<meta name=\"twitter:card\" content=\"summary_large_image\" \/>\n<meta name=\"twitter:label1\" content=\"Ansl. lesetid\" \/>\n\t<meta name=\"twitter:data1\" content=\"1 minutt\" \/>\n<script type=\"application\/ld+json\" class=\"yoast-schema-graph\">{\"@context\":\"https:\/\/schema.org\",\"@graph\":[{\"@type\":\"WebPage\",\"@id\":\"https:\/\/mills.no\/vita-hjertego\/produkt\/vita-hjertego-ovnsbakt-leverpostei\/\",\"url\":\"https:\/\/mills.no\/vita-hjertego\/produkt\/vita-hjertego-ovnsbakt-leverpostei\/\",\"name\":\"Vita hjertego\u2019 Ovnsbakt leverpostei - Vita Hjertego&#039;\",\"isPartOf\":{\"@id\":\"https:\/\/mills.no\/vita-hjertego\/#website\"},\"primaryImageOfPage\":{\"@id\":\"https:\/\/mills.no\/vita-hjertego\/produkt\/vita-hjertego-ovnsbakt-leverpostei\/#primaryimage\"},\"image\":{\"@id\":\"https:\/\/mills.no\/vita-hjertego\/produkt\/vita-hjertego-ovnsbakt-leverpostei\/#primaryimage\"},\"thumbnailUrl\":\"https:\/\/mills.no\/content\/uploads\/2016\/03\/7036110007809_G1N1_1200px.png\",\"datePublished\":\"2016-01-21T07:50:55+00:00\",\"dateModified\":\"2024-12-12T13:50:43+00:00\",\"breadcrumb\":{\"@id\":\"https:\/\/mills.no\/vita-hjertego\/produkt\/vita-hjertego-ovnsbakt-leverpostei\/#breadcrumb\"},\"inLanguage\":\"nb-NO\",\"potentialAction\":[{\"@type\":\"ReadAction\",\"target\":[\"https:\/\/mills.no\/vita-hjertego\/produkt\/vita-hjertego-ovnsbakt-leverpostei\/\"]}]},{\"@type\":\"ImageObject\",\"inLanguage\":\"nb-NO\",\"@id\":\"https:\/\/mills.no\/vita-hjertego\/produkt\/vita-hjertego-ovnsbakt-leverpostei\/#primaryimage\",\"url\":\"https:\/\/mills.no\/content\/uploads\/2016\/03\/7036110007809_G1N1_1200px.png\",\"contentUrl\":\"https:\/\/mills.no\/content\/uploads\/2016\/03\/7036110007809_G1N1_1200px.png\"},{\"@type\":\"BreadcrumbList\",\"@id\":\"https:\/\/mills.no\/vita-hjertego\/produkt\/vita-hjertego-ovnsbakt-leverpostei\/#breadcrumb\",\"itemListElement\":[{\"@type\":\"ListItem\",\"position\":1,\"name\":\"Hjem\",\"item\":\"https:\/\/mills.no\/vita-hjertego\/\"},{\"@type\":\"ListItem\",\"position\":2,\"name\":\"Produkter\",\"item\":\"https:\/\/mills.no\/vita-hjertego\/produkter\/\"},{\"@type\":\"ListItem\",\"position\":3,\"name\":\"Vita hjertego\u2019 Ovnsbakt leverpostei\"}]},{\"@type\":\"WebSite\",\"@id\":\"https:\/\/mills.no\/vita-hjertego\/#website\",\"url\":\"https:\/\/mills.no\/vita-hjertego\/\",\"name\":\"Vita Hjertego&#039;\",\"description\":\"Det er ikke ett fett hva du spiser\",\"publisher\":{\"@id\":\"https:\/\/mills.no\/vita-hjertego\/#organization\"},\"potentialAction\":[{\"@type\":\"SearchAction\",\"target\":{\"@type\":\"EntryPoint\",\"urlTemplate\":\"https:\/\/mills.no\/vita-hjertego\/?s={search_term_string}\"},\"query-input\":{\"@type\":\"PropertyValueSpecification\",\"valueRequired\":true,\"valueName\":\"search_term_string\"}}],\"inLanguage\":\"nb-NO\"},{\"@type\":\"Organization\",\"@id\":\"https:\/\/mills.no\/vita-hjertego\/#organization\",\"name\":\"Vita Hjertego&#039;\",\"url\":\"https:\/\/mills.no\/vita-hjertego\/\",\"logo\":{\"@type\":\"ImageObject\",\"inLanguage\":\"nb-NO\",\"@id\":\"https:\/\/mills.no\/vita-hjertego\/#\/schema\/logo\/image\/\",\"url\":\"https:\/\/mills.no\/content\/uploads\/sites\/5\/2024\/12\/logo-vita-ny.svg\",\"contentUrl\":\"https:\/\/mills.no\/content\/uploads\/sites\/5\/2024\/12\/logo-vita-ny.svg\",\"caption\":\"Vita Hjertego&#039;\"},\"image\":{\"@id\":\"https:\/\/mills.no\/vita-hjertego\/#\/schema\/logo\/image\/\"}}]}<\/script>\n<!-- \/ Yoast SEO Premium plugin. -->","yoast_head_json":{"title":"Vita hjertego\u2019 Ovnsbakt leverpostei - Vita Hjertego&#039;","robots":{"index":"index","follow":"follow","max-snippet":"max-snippet:-1","max-image-preview":"max-image-preview:large","max-video-preview":"max-video-preview:-1"},"canonical":"https:\/\/mills.no\/vita-hjertego\/produkt\/vita-hjertego-ovnsbakt-leverpostei\/","og_locale":"nb_NO","og_type":"article","og_title":"Vita hjertego\u2019 Ovnsbakt leverpostei","og_description":"Vita hjertego\u2019 Leverpostei er en klassisk ovnsbakt leverpostei, men der fett fra lever og svin er byttet ut med raps-&hellip;","og_url":"https:\/\/mills.no\/vita-hjertego\/produkt\/vita-hjertego-ovnsbakt-leverpostei\/","og_site_name":"Vita Hjertego&#039;","article_modified_time":"2024-12-12T13:50:43+00:00","og_image":[{"url":"https:\/\/mills.no\/content\/uploads\/2016\/01\/Vita-hjertego-ovnsbakt-leverpostei.png","type":"","width":"","height":""}],"twitter_card":"summary_large_image","twitter_misc":{"Ansl. lesetid":"1 minutt"},"schema":{"@context":"https:\/\/schema.org","@graph":[{"@type":"WebPage","@id":"https:\/\/mills.no\/vita-hjertego\/produkt\/vita-hjertego-ovnsbakt-leverpostei\/","url":"https:\/\/mills.no\/vita-hjertego\/produkt\/vita-hjertego-ovnsbakt-leverpostei\/","name":"Vita hjertego\u2019 Ovnsbakt leverpostei - Vita Hjertego&#039;","isPartOf":{"@id":"https:\/\/mills.no\/vita-hjertego\/#website"},"primaryImageOfPage":{"@id":"https:\/\/mills.no\/vita-hjertego\/produkt\/vita-hjertego-ovnsbakt-leverpostei\/#primaryimage"},"image":{"@id":"https:\/\/mills.no\/vita-hjertego\/produkt\/vita-hjertego-ovnsbakt-leverpostei\/#primaryimage"},"thumbnailUrl":"https:\/\/mills.no\/content\/uploads\/2016\/03\/7036110007809_G1N1_1200px.png","datePublished":"2016-01-21T07:50:55+00:00","dateModified":"2024-12-12T13:50:43+00:00","breadcrumb":{"@id":"https:\/\/mills.no\/vita-hjertego\/produkt\/vita-hjertego-ovnsbakt-leverpostei\/#breadcrumb"},"inLanguage":"nb-NO","potentialAction":[{"@type":"ReadAction","target":["https:\/\/mills.no\/vita-hjertego\/produkt\/vita-hjertego-ovnsbakt-leverpostei\/"]}]},{"@type":"ImageObject","inLanguage":"nb-NO","@id":"https:\/\/mills.no\/vita-hjertego\/produkt\/vita-hjertego-ovnsbakt-leverpostei\/#primaryimage","url":"https:\/\/mills.no\/content\/uploads\/2016\/03\/7036110007809_G1N1_1200px.png","contentUrl":"https:\/\/mills.no\/content\/uploads\/2016\/03\/7036110007809_G1N1_1200px.png"},{"@type":"BreadcrumbList","@id":"https:\/\/mills.no\/vita-hjertego\/produkt\/vita-hjertego-ovnsbakt-leverpostei\/#breadcrumb","itemListElement":[{"@type":"ListItem","position":1,"name":"Hjem","item":"https:\/\/mills.no\/vita-hjertego\/"},{"@type":"ListItem","position":2,"name":"Produkter","item":"https:\/\/mills.no\/vita-hjertego\/produkter\/"},{"@type":"ListItem","position":3,"name":"Vita hjertego\u2019 Ovnsbakt leverpostei"}]},{"@type":"WebSite","@id":"https:\/\/mills.no\/vita-hjertego\/#website","url":"https:\/\/mills.no\/vita-hjertego\/","name":"Vita Hjertego&#039;","description":"Det er ikke ett fett hva du spiser","publisher":{"@id":"https:\/\/mills.no\/vita-hjertego\/#organization"},"potentialAction":[{"@type":"SearchAction","target":{"@type":"EntryPoint","urlTemplate":"https:\/\/mills.no\/vita-hjertego\/?s={search_term_string}"},"query-input":{"@type":"PropertyValueSpecification","valueRequired":true,"valueName":"search_term_string"}}],"inLanguage":"nb-NO"},{"@type":"Organization","@id":"https:\/\/mills.no\/vita-hjertego\/#organization","name":"Vita Hjertego&#039;","url":"https:\/\/mills.no\/vita-hjertego\/","logo":{"@type":"ImageObject","inLanguage":"nb-NO","@id":"https:\/\/mills.no\/vita-hjertego\/#\/schema\/logo\/image\/","url":"https:\/\/mills.no\/content\/uploads\/sites\/5\/2024\/12\/logo-vita-ny.svg","contentUrl":"https:\/\/mills.no\/content\/uploads\/sites\/5\/2024\/12\/logo-vita-ny.svg","caption":"Vita Hjertego&#039;"},"image":{"@id":"https:\/\/mills.no\/vita-hjertego\/#\/schema\/logo\/image\/"}}]}},"_links":{"self":[{"href":"https:\/\/mills.no\/vita-hjertego\/wp-json\/wp\/v2\/product\/33009","targetHints":{"allow":["GET"]}}],"collection":[{"href":"https:\/\/mills.no\/vita-hjertego\/wp-json\/wp\/v2\/product"}],"about":[{"href":"https:\/\/mills.no\/vita-hjertego\/wp-json\/wp\/v2\/types\/product"}],"version-history":[{"count":0,"href":"https:\/\/mills.no\/vita-hjertego\/wp-json\/wp\/v2\/product\/33009\/revisions"}],"wp:attachment":[{"href":"https:\/\/mills.no\/vita-hjertego\/wp-json\/wp\/v2\/media?parent=33009"}],"wp:term":[{"taxonomy":"brand","embeddable":true,"href":"https:\/\/mills.no\/vita-hjertego\/wp-json\/wp\/v2\/brand?post=33009"},{"taxonomy":"allergen","embeddable":true,"href":"https:\/\/mills.no\/vita-hjertego\/wp-json\/wp\/v2\/allergen?post=33009"},{"taxonomy":"product_category","embeddable":true,"href":"https:\/\/mills.no\/vita-hjertego\/wp-json\/wp\/v2\/product_category?post=33009"},{"taxonomy":"product_label","embeddable":true,"href":"https:\/\/mills.no\/vita-hjertego\/wp-json\/wp\/v2\/product_label?post=33009"}],"curies":[{"name":"wp","href":"https:\/\/api.w.org\/{rel}","templated":true}]}}