{"id":33011,"date":"2016-01-21T08:50:55","date_gmt":"2016-01-21T07:50:55","guid":{"rendered":"https:\/\/mills.no\/produkt\/vita-hjertego-proaktiv\/"},"modified":"2024-12-12T14:40:53","modified_gmt":"2024-12-12T13:40:53","slug":"vita-hjertego-proaktiv","status":"publish","type":"product","link":"https:\/\/mills.no\/vita-hjertego\/produkt\/vita-hjertego-proaktiv\/","title":{"rendered":"Vita Hjertego&#8217; Proaktiv"},"content":{"rendered":"<div class=\"mills-block-featured alignwide alignwide wp-block-mills-block-featured\"><div class=\"wp-block-cover__inner-container\">\n<h1 class=\"has-text-align-center wp-block-post-title has-text-color has-neutral-1000-color\">Vita Hjertego&#8217; Proaktiv<\/h1>\n\n<p class=\"t2-ingress has-text-align-center align wp-block-t2-ingress\">Vita Hjertego Proaktiv er en lettmargarin for deg som \u00f8nsker \u00e5 redusere kolesterolet for en mer hjertevennlig hverdag. Proaktiv har dokumentert effekt.  <\/p>\n<\/div><\/div>\n\n\n\t\t<div class=\"has-background has-neutral-0-background-color is-style-vertical-spacing is-style-horizontal-spacing alignwide wp-block-mills-section has-background has-neutral-0-background-color\">\n\t\t\t<div class=\"wp-block-mills-section__inner aligncenter\">\n\t\t\t\t\n\n<figure class=\"wp-block-image aligncenter size-full\"><img decoding=\"async\" src=\"https:\/\/mills.no\/content\/uploads\/2016\/03\/7036110008240_A1N1_1200px.png\" alt=\"vita hjertego proaktiv\" class=\"wp-image-42848\"\/><figcaption class=\"wp-element-caption\">Vita hjertego&#8217; Proaktiv<\/figcaption><\/figure>\n\n\n\t\t\t<\/div>\n\t\t<\/div>\n\n\n\n\n\t\t<div class=\"has-background has-neutral-0-background-color is-style-vertical-spacing alignwide is-section-media-text wp-block-mills-section has-background has-neutral-0-background-color\">\n\t\t\t<div class=\"wp-block-mills-section__inner alignwide\">\n\t\t\t\t\n\n<div class=\"wp-block-media-text alignwide is-stacked-on-mobile is-image-fill has-primary-light-background-color has-background\"><figure class=\"wp-block-media-text__media\" style=\"background-image:url(https:\/\/mills.no\/content\/uploads\/2016\/01\/Pro-aktiv-header-1536x1007-1-1024x671.jpg);background-position:50% 50%\"><img decoding=\"async\" src=\"https:\/\/mills.no\/content\/uploads\/2016\/01\/Pro-aktiv-header-1536x1007-1-1024x671.jpg\" alt=\"vita hjertego proaktiv p\u00e5 trefj\u00f8l omgitt av gr\u00f8nnsaker\" class=\"wp-image-39088 size-full\"\/><\/figure><div class=\"wp-block-media-text__content\">\n<h2 class=\"wp-block-heading\" id=\"h-slik-virker-vita-hjertego-proaktiv\">Slik virker Vita hjertego&#8217; Proaktiv<\/h2>\n\n\n\n<p>Studier har dokumentert at Proaktiv kan redusere kolesterolet med 7-10 % p\u00e5 2-3 uker, forutsatt at man spiser 1,5-2,4 gram plantesteroler daglig. 25 gram Vita hjertego\u2019 Proaktiv tilsvarer 2 gram plantesteroler.<\/p>\n\n\n\n<div class=\"wp-block-buttons is-layout-flex wp-block-buttons-is-layout-flex\">\n<div class=\"wp-block-button\"><a class=\"wp-block-button__link wp-element-button\" href=\"https:\/\/mills.no\/vita-hjertego\/proaktiv\/\">Les mer om forskningen bak Vita hjertego&#8217; Proaktiv<\/a><\/div>\n<\/div>\n<\/div><\/div>\n\n\n\t\t\t<\/div>\n\t\t<\/div>","protected":false},"excerpt":{"rendered":"<p>Vita Proaktiv er en lettmargarin for deg som \u00f8nsker \u00e5 redusere kolesterolet for en mer hjertevennlig hverdag. Vita Proaktiv har&hellip;<\/p>\n","protected":false},"featured_media":0,"menu_order":42,"template":"","meta":{"_searchwp_excluded":"","hide_post_title":false,"mills_central_gtin":"","footnotes":""},"brand":[],"allergen":[],"product_category":[],"product_label":[],"class_list":["post-33011","product","type-product","status-publish","hentry"],"yoast_head":"<!-- This site is optimized with the Yoast SEO Premium plugin v26.9 (Yoast SEO v26.9) - https:\/\/yoast.com\/product\/yoast-seo-premium-wordpress\/ -->\n<title>Vita Hjertego&#039; Proaktiv - Vita Hjertego&#039;<\/title>\n<meta name=\"robots\" content=\"index, follow, max-snippet:-1, max-image-preview:large, max-video-preview:-1\" \/>\n<link rel=\"canonical\" href=\"https:\/\/mills.no\/vita-hjertego\/produkt\/vita-hjertego-proaktiv\/\" \/>\n<meta property=\"og:locale\" content=\"nb_NO\" \/>\n<meta property=\"og:type\" content=\"article\" \/>\n<meta property=\"og:title\" content=\"Vita Hjertego&#039; Proaktiv\" \/>\n<meta property=\"og:description\" content=\"Vita Proaktiv er en lettmargarin for deg som \u00f8nsker \u00e5 redusere kolesterolet for en mer hjertevennlig hverdag. Vita Proaktiv har&hellip;\" \/>\n<meta property=\"og:url\" content=\"https:\/\/mills.no\/vita-hjertego\/produkt\/vita-hjertego-proaktiv\/\" \/>\n<meta property=\"og:site_name\" content=\"Vita Hjertego&#039;\" \/>\n<meta property=\"article:modified_time\" content=\"2024-12-12T13:40:53+00:00\" \/>\n<meta property=\"og:image\" content=\"https:\/\/mills.no\/content\/uploads\/2016\/01\/Vita-hjertego-Proaktiv.png\" \/>\n<meta name=\"twitter:card\" content=\"summary_large_image\" \/>\n<script type=\"application\/ld+json\" class=\"yoast-schema-graph\">{\"@context\":\"https:\/\/schema.org\",\"@graph\":[{\"@type\":\"WebPage\",\"@id\":\"https:\/\/mills.no\/vita-hjertego\/produkt\/vita-hjertego-proaktiv\/\",\"url\":\"https:\/\/mills.no\/vita-hjertego\/produkt\/vita-hjertego-proaktiv\/\",\"name\":\"Vita Hjertego' Proaktiv - Vita Hjertego&#039;\",\"isPartOf\":{\"@id\":\"https:\/\/mills.no\/vita-hjertego\/#website\"},\"primaryImageOfPage\":{\"@id\":\"https:\/\/mills.no\/vita-hjertego\/produkt\/vita-hjertego-proaktiv\/#primaryimage\"},\"image\":{\"@id\":\"https:\/\/mills.no\/vita-hjertego\/produkt\/vita-hjertego-proaktiv\/#primaryimage\"},\"thumbnailUrl\":\"https:\/\/mills.no\/content\/uploads\/2016\/03\/7036110008240_A1N1_1200px.png\",\"datePublished\":\"2016-01-21T07:50:55+00:00\",\"dateModified\":\"2024-12-12T13:40:53+00:00\",\"breadcrumb\":{\"@id\":\"https:\/\/mills.no\/vita-hjertego\/produkt\/vita-hjertego-proaktiv\/#breadcrumb\"},\"inLanguage\":\"nb-NO\",\"potentialAction\":[{\"@type\":\"ReadAction\",\"target\":[\"https:\/\/mills.no\/vita-hjertego\/produkt\/vita-hjertego-proaktiv\/\"]}]},{\"@type\":\"ImageObject\",\"inLanguage\":\"nb-NO\",\"@id\":\"https:\/\/mills.no\/vita-hjertego\/produkt\/vita-hjertego-proaktiv\/#primaryimage\",\"url\":\"https:\/\/mills.no\/content\/uploads\/2016\/03\/7036110008240_A1N1_1200px.png\",\"contentUrl\":\"https:\/\/mills.no\/content\/uploads\/2016\/03\/7036110008240_A1N1_1200px.png\"},{\"@type\":\"BreadcrumbList\",\"@id\":\"https:\/\/mills.no\/vita-hjertego\/produkt\/vita-hjertego-proaktiv\/#breadcrumb\",\"itemListElement\":[{\"@type\":\"ListItem\",\"position\":1,\"name\":\"Hjem\",\"item\":\"https:\/\/mills.no\/vita-hjertego\/\"},{\"@type\":\"ListItem\",\"position\":2,\"name\":\"Produkter\",\"item\":\"https:\/\/mills.no\/vita-hjertego\/produkter\/\"},{\"@type\":\"ListItem\",\"position\":3,\"name\":\"Vita hjertego&#8217; Proaktiv\"}]},{\"@type\":\"WebSite\",\"@id\":\"https:\/\/mills.no\/vita-hjertego\/#website\",\"url\":\"https:\/\/mills.no\/vita-hjertego\/\",\"name\":\"Vita Hjertego&#039;\",\"description\":\"Det er ikke ett fett hva du spiser\",\"publisher\":{\"@id\":\"https:\/\/mills.no\/vita-hjertego\/#organization\"},\"potentialAction\":[{\"@type\":\"SearchAction\",\"target\":{\"@type\":\"EntryPoint\",\"urlTemplate\":\"https:\/\/mills.no\/vita-hjertego\/?s={search_term_string}\"},\"query-input\":{\"@type\":\"PropertyValueSpecification\",\"valueRequired\":true,\"valueName\":\"search_term_string\"}}],\"inLanguage\":\"nb-NO\"},{\"@type\":\"Organization\",\"@id\":\"https:\/\/mills.no\/vita-hjertego\/#organization\",\"name\":\"Vita Hjertego&#039;\",\"url\":\"https:\/\/mills.no\/vita-hjertego\/\",\"logo\":{\"@type\":\"ImageObject\",\"inLanguage\":\"nb-NO\",\"@id\":\"https:\/\/mills.no\/vita-hjertego\/#\/schema\/logo\/image\/\",\"url\":\"https:\/\/mills.no\/content\/uploads\/sites\/5\/2024\/12\/logo-vita-ny.svg\",\"contentUrl\":\"https:\/\/mills.no\/content\/uploads\/sites\/5\/2024\/12\/logo-vita-ny.svg\",\"caption\":\"Vita Hjertego&#039;\"},\"image\":{\"@id\":\"https:\/\/mills.no\/vita-hjertego\/#\/schema\/logo\/image\/\"}}]}<\/script>\n<!-- \/ Yoast SEO Premium plugin. -->","yoast_head_json":{"title":"Vita Hjertego' Proaktiv - Vita Hjertego&#039;","robots":{"index":"index","follow":"follow","max-snippet":"max-snippet:-1","max-image-preview":"max-image-preview:large","max-video-preview":"max-video-preview:-1"},"canonical":"https:\/\/mills.no\/vita-hjertego\/produkt\/vita-hjertego-proaktiv\/","og_locale":"nb_NO","og_type":"article","og_title":"Vita Hjertego' Proaktiv","og_description":"Vita Proaktiv er en lettmargarin for deg som \u00f8nsker \u00e5 redusere kolesterolet for en mer hjertevennlig hverdag. Vita Proaktiv har&hellip;","og_url":"https:\/\/mills.no\/vita-hjertego\/produkt\/vita-hjertego-proaktiv\/","og_site_name":"Vita Hjertego&#039;","article_modified_time":"2024-12-12T13:40:53+00:00","og_image":[{"url":"https:\/\/mills.no\/content\/uploads\/2016\/01\/Vita-hjertego-Proaktiv.png","type":"","width":"","height":""}],"twitter_card":"summary_large_image","schema":{"@context":"https:\/\/schema.org","@graph":[{"@type":"WebPage","@id":"https:\/\/mills.no\/vita-hjertego\/produkt\/vita-hjertego-proaktiv\/","url":"https:\/\/mills.no\/vita-hjertego\/produkt\/vita-hjertego-proaktiv\/","name":"Vita Hjertego' Proaktiv - Vita Hjertego&#039;","isPartOf":{"@id":"https:\/\/mills.no\/vita-hjertego\/#website"},"primaryImageOfPage":{"@id":"https:\/\/mills.no\/vita-hjertego\/produkt\/vita-hjertego-proaktiv\/#primaryimage"},"image":{"@id":"https:\/\/mills.no\/vita-hjertego\/produkt\/vita-hjertego-proaktiv\/#primaryimage"},"thumbnailUrl":"https:\/\/mills.no\/content\/uploads\/2016\/03\/7036110008240_A1N1_1200px.png","datePublished":"2016-01-21T07:50:55+00:00","dateModified":"2024-12-12T13:40:53+00:00","breadcrumb":{"@id":"https:\/\/mills.no\/vita-hjertego\/produkt\/vita-hjertego-proaktiv\/#breadcrumb"},"inLanguage":"nb-NO","potentialAction":[{"@type":"ReadAction","target":["https:\/\/mills.no\/vita-hjertego\/produkt\/vita-hjertego-proaktiv\/"]}]},{"@type":"ImageObject","inLanguage":"nb-NO","@id":"https:\/\/mills.no\/vita-hjertego\/produkt\/vita-hjertego-proaktiv\/#primaryimage","url":"https:\/\/mills.no\/content\/uploads\/2016\/03\/7036110008240_A1N1_1200px.png","contentUrl":"https:\/\/mills.no\/content\/uploads\/2016\/03\/7036110008240_A1N1_1200px.png"},{"@type":"BreadcrumbList","@id":"https:\/\/mills.no\/vita-hjertego\/produkt\/vita-hjertego-proaktiv\/#breadcrumb","itemListElement":[{"@type":"ListItem","position":1,"name":"Hjem","item":"https:\/\/mills.no\/vita-hjertego\/"},{"@type":"ListItem","position":2,"name":"Produkter","item":"https:\/\/mills.no\/vita-hjertego\/produkter\/"},{"@type":"ListItem","position":3,"name":"Vita hjertego&#8217; Proaktiv"}]},{"@type":"WebSite","@id":"https:\/\/mills.no\/vita-hjertego\/#website","url":"https:\/\/mills.no\/vita-hjertego\/","name":"Vita Hjertego&#039;","description":"Det er ikke ett fett hva du spiser","publisher":{"@id":"https:\/\/mills.no\/vita-hjertego\/#organization"},"potentialAction":[{"@type":"SearchAction","target":{"@type":"EntryPoint","urlTemplate":"https:\/\/mills.no\/vita-hjertego\/?s={search_term_string}"},"query-input":{"@type":"PropertyValueSpecification","valueRequired":true,"valueName":"search_term_string"}}],"inLanguage":"nb-NO"},{"@type":"Organization","@id":"https:\/\/mills.no\/vita-hjertego\/#organization","name":"Vita Hjertego&#039;","url":"https:\/\/mills.no\/vita-hjertego\/","logo":{"@type":"ImageObject","inLanguage":"nb-NO","@id":"https:\/\/mills.no\/vita-hjertego\/#\/schema\/logo\/image\/","url":"https:\/\/mills.no\/content\/uploads\/sites\/5\/2024\/12\/logo-vita-ny.svg","contentUrl":"https:\/\/mills.no\/content\/uploads\/sites\/5\/2024\/12\/logo-vita-ny.svg","caption":"Vita Hjertego&#039;"},"image":{"@id":"https:\/\/mills.no\/vita-hjertego\/#\/schema\/logo\/image\/"}}]}},"_links":{"self":[{"href":"https:\/\/mills.no\/vita-hjertego\/wp-json\/wp\/v2\/product\/33011","targetHints":{"allow":["GET"]}}],"collection":[{"href":"https:\/\/mills.no\/vita-hjertego\/wp-json\/wp\/v2\/product"}],"about":[{"href":"https:\/\/mills.no\/vita-hjertego\/wp-json\/wp\/v2\/types\/product"}],"version-history":[{"count":0,"href":"https:\/\/mills.no\/vita-hjertego\/wp-json\/wp\/v2\/product\/33011\/revisions"}],"wp:attachment":[{"href":"https:\/\/mills.no\/vita-hjertego\/wp-json\/wp\/v2\/media?parent=33011"}],"wp:term":[{"taxonomy":"brand","embeddable":true,"href":"https:\/\/mills.no\/vita-hjertego\/wp-json\/wp\/v2\/brand?post=33011"},{"taxonomy":"allergen","embeddable":true,"href":"https:\/\/mills.no\/vita-hjertego\/wp-json\/wp\/v2\/allergen?post=33011"},{"taxonomy":"product_category","embeddable":true,"href":"https:\/\/mills.no\/vita-hjertego\/wp-json\/wp\/v2\/product_category?post=33011"},{"taxonomy":"product_label","embeddable":true,"href":"https:\/\/mills.no\/vita-hjertego\/wp-json\/wp\/v2\/product_label?post=33011"}],"curies":[{"name":"wp","href":"https:\/\/api.w.org\/{rel}","templated":true}]}}